{"id":12,"date":"2020-09-17T12:11:32","date_gmt":"2020-09-17T10:11:32","guid":{"rendered":"https:\/\/www.espacesophro.fr\/?page_id=12"},"modified":"2021-10-16T18:18:07","modified_gmt":"2021-10-16T16:18:07","slug":"tarifs","status":"publish","type":"page","link":"https:\/\/www.espacesophro.fr\/index.php\/tarifs\/","title":{"rendered":"Tarifs"},"content":{"rendered":"\n<p>Nous souhaitons associer nos b\u00e9n\u00e9ficiaires au&nbsp;<strong>projet solidaire<\/strong>&nbsp;que porte notre association.&nbsp;Ainsi, les&nbsp;<strong>tarifs<\/strong>&nbsp;sont&nbsp;<strong>diff\u00e9renci\u00e9s<\/strong>&nbsp;selon les situations de chacun. En venant pratiquer la sophrologie dans notre association, vous permettez \u00e0 notre structure d\u2019\u00eatre p\u00e9renne et ainsi, \u00e0 d\u2019autres personnes, ayant moins de moyens, de b\u00e9n\u00e9ficier de s\u00e9ances de sophrologie \u00e0 moindre co\u00fbt, selon<strong>&nbsp;notre projet associatif<\/strong>.<\/p>\n\n\n\n<p><strong>Avec nous, VOUS \u00eates porteurs de cette valeur de solidarit\u00e9&nbsp;!<\/strong><\/p>\n\n\n\n<p><strong><em>A noter&nbsp;:<\/em><\/strong> Si les s\u00e9ances de sophrologie ne sont pas rembours\u00e9es par la S\u00e9curit\u00e9 Sociale, <strong>certaines mutuelles prennent en charge quelques s\u00e9ances. <\/strong>N\u2019h\u00e9sitez pas \u00e0 demander une facture.<\/p>\n","protected":false},"excerpt":{"rendered":"<p>Nous souhaitons associer nos b\u00e9n\u00e9ficiaires au&nbsp;projet solidaire&nbsp;que porte notre association.&nbsp;Ainsi, les&nbsp;tarifs&nbsp;sont&nbsp;diff\u00e9renci\u00e9s&nbsp;selon les situations de chacun. En venant pratiquer la sophrologie dans notre association, vous permettez \u00e0 notre structure d\u2019\u00eatre p\u00e9renne &hellip; <\/p>\n","protected":false},"author":1,"featured_media":489,"parent":0,"menu_order":0,"comment_status":"closed","ping_status":"closed","template":"","meta":[],"yoast_head":"<!-- This site is optimized with the Yoast SEO plugin v17.0 - https:\/\/yoast.com\/wordpress\/plugins\/seo\/ -->\n<title>Tarifs - Espace Sophrologie<\/title>\n<meta name=\"robots\" content=\"index, follow, max-snippet:-1, max-image-preview:large, max-video-preview:-1\" \/>\n<link rel=\"canonical\" href=\"https:\/\/www.espacesophro.fr\/index.php\/tarifs\/\" \/>\n<meta property=\"og:locale\" content=\"fr_FR\" \/>\n<meta property=\"og:type\" content=\"article\" \/>\n<meta property=\"og:title\" content=\"Tarifs - Espace Sophrologie\" \/>\n<meta property=\"og:description\" content=\"Nous souhaitons associer nos b\u00e9n\u00e9ficiaires au&nbsp;projet solidaire&nbsp;que porte notre association.&nbsp;Ainsi, les&nbsp;tarifs&nbsp;sont&nbsp;diff\u00e9renci\u00e9s&nbsp;selon les situations de chacun. En venant pratiquer la sophrologie dans notre association, vous permettez \u00e0 notre structure d\u2019\u00eatre p\u00e9renne &hellip;\" \/>\n<meta property=\"og:url\" content=\"https:\/\/www.espacesophro.fr\/index.php\/tarifs\/\" \/>\n<meta property=\"og:site_name\" content=\"Espace Sophrologie\" \/>\n<meta property=\"article:modified_time\" content=\"2021-10-16T16:18:07+00:00\" \/>\n<meta property=\"og:image\" content=\"https:\/\/www.espacesophro.fr\/wp-content\/uploads\/2021\/10\/sunset-1373171_1920.jpg\" \/>\n\t<meta property=\"og:image:width\" content=\"1920\" \/>\n\t<meta property=\"og:image:height\" content=\"1079\" \/>\n<meta name=\"twitter:card\" content=\"summary_large_image\" \/>\n<meta name=\"twitter:label1\" content=\"Dur\u00e9e de lecture est.\" \/>\n\t<meta name=\"twitter:data1\" content=\"1 minute\" \/>\n<script type=\"application\/ld+json\" class=\"yoast-schema-graph\">{\"@context\":\"https:\/\/schema.org\",\"@graph\":[{\"@type\":\"WebSite\",\"@id\":\"https:\/\/www.espacesophro.fr\/#website\",\"url\":\"https:\/\/www.espacesophro.fr\/\",\"name\":\"Espace Sophrologie\",\"description\":\"Association solidaire de pratiques et d&#039;ateliers de sophrologie\",\"potentialAction\":[{\"@type\":\"SearchAction\",\"target\":{\"@type\":\"EntryPoint\",\"urlTemplate\":\"https:\/\/www.espacesophro.fr\/?s={search_term_string}\"},\"query-input\":\"required name=search_term_string\"}],\"inLanguage\":\"fr-FR\"},{\"@type\":\"ImageObject\",\"@id\":\"https:\/\/www.espacesophro.fr\/index.php\/tarifs\/#primaryimage\",\"inLanguage\":\"fr-FR\",\"url\":\"https:\/\/www.espacesophro.fr\/wp-content\/uploads\/2021\/10\/sunset-1373171_1920.jpg\",\"contentUrl\":\"https:\/\/www.espacesophro.fr\/wp-content\/uploads\/2021\/10\/sunset-1373171_1920.jpg\",\"width\":1920,\"height\":1079},{\"@type\":\"WebPage\",\"@id\":\"https:\/\/www.espacesophro.fr\/index.php\/tarifs\/#webpage\",\"url\":\"https:\/\/www.espacesophro.fr\/index.php\/tarifs\/\",\"name\":\"Tarifs - Espace Sophrologie\",\"isPartOf\":{\"@id\":\"https:\/\/www.espacesophro.fr\/#website\"},\"primaryImageOfPage\":{\"@id\":\"https:\/\/www.espacesophro.fr\/index.php\/tarifs\/#primaryimage\"},\"datePublished\":\"2020-09-17T10:11:32+00:00\",\"dateModified\":\"2021-10-16T16:18:07+00:00\",\"breadcrumb\":{\"@id\":\"https:\/\/www.espacesophro.fr\/index.php\/tarifs\/#breadcrumb\"},\"inLanguage\":\"fr-FR\",\"potentialAction\":[{\"@type\":\"ReadAction\",\"target\":[\"https:\/\/www.espacesophro.fr\/index.php\/tarifs\/\"]}]},{\"@type\":\"BreadcrumbList\",\"@id\":\"https:\/\/www.espacesophro.fr\/index.php\/tarifs\/#breadcrumb\",\"itemListElement\":[{\"@type\":\"ListItem\",\"position\":1,\"name\":\"Accueil\",\"item\":\"https:\/\/www.espacesophro.fr\/\"},{\"@type\":\"ListItem\",\"position\":2,\"name\":\"Tarifs\"}]}]}<\/script>\n<!-- \/ Yoast SEO plugin. -->","yoast_head_json":{"title":"Tarifs - Espace Sophrologie","robots":{"index":"index","follow":"follow","max-snippet":"max-snippet:-1","max-image-preview":"max-image-preview:large","max-video-preview":"max-video-preview:-1"},"canonical":"https:\/\/www.espacesophro.fr\/index.php\/tarifs\/","og_locale":"fr_FR","og_type":"article","og_title":"Tarifs - Espace Sophrologie","og_description":"Nous souhaitons associer nos b\u00e9n\u00e9ficiaires au&nbsp;projet solidaire&nbsp;que porte notre association.&nbsp;Ainsi, les&nbsp;tarifs&nbsp;sont&nbsp;diff\u00e9renci\u00e9s&nbsp;selon les situations de chacun. En venant pratiquer la sophrologie dans notre association, vous permettez \u00e0 notre structure d\u2019\u00eatre p\u00e9renne &hellip;","og_url":"https:\/\/www.espacesophro.fr\/index.php\/tarifs\/","og_site_name":"Espace Sophrologie","article_modified_time":"2021-10-16T16:18:07+00:00","og_image":[{"width":1920,"height":1079,"url":"https:\/\/www.espacesophro.fr\/wp-content\/uploads\/2021\/10\/sunset-1373171_1920.jpg","path":"\/home\/kheryscohf\/espacesophro\/wp-content\/uploads\/2021\/10\/sunset-1373171_1920.jpg","size":"full","id":489,"alt":"","pixels":2071680,"type":"image\/jpeg"}],"twitter_card":"summary_large_image","twitter_misc":{"Dur\u00e9e de lecture est.":"1 minute"},"schema":{"@context":"https:\/\/schema.org","@graph":[{"@type":"WebSite","@id":"https:\/\/www.espacesophro.fr\/#website","url":"https:\/\/www.espacesophro.fr\/","name":"Espace Sophrologie","description":"Association solidaire de pratiques et d&#039;ateliers de sophrologie","potentialAction":[{"@type":"SearchAction","target":{"@type":"EntryPoint","urlTemplate":"https:\/\/www.espacesophro.fr\/?s={search_term_string}"},"query-input":"required name=search_term_string"}],"inLanguage":"fr-FR"},{"@type":"ImageObject","@id":"https:\/\/www.espacesophro.fr\/index.php\/tarifs\/#primaryimage","inLanguage":"fr-FR","url":"https:\/\/www.espacesophro.fr\/wp-content\/uploads\/2021\/10\/sunset-1373171_1920.jpg","contentUrl":"https:\/\/www.espacesophro.fr\/wp-content\/uploads\/2021\/10\/sunset-1373171_1920.jpg","width":1920,"height":1079},{"@type":"WebPage","@id":"https:\/\/www.espacesophro.fr\/index.php\/tarifs\/#webpage","url":"https:\/\/www.espacesophro.fr\/index.php\/tarifs\/","name":"Tarifs - Espace Sophrologie","isPartOf":{"@id":"https:\/\/www.espacesophro.fr\/#website"},"primaryImageOfPage":{"@id":"https:\/\/www.espacesophro.fr\/index.php\/tarifs\/#primaryimage"},"datePublished":"2020-09-17T10:11:32+00:00","dateModified":"2021-10-16T16:18:07+00:00","breadcrumb":{"@id":"https:\/\/www.espacesophro.fr\/index.php\/tarifs\/#breadcrumb"},"inLanguage":"fr-FR","potentialAction":[{"@type":"ReadAction","target":["https:\/\/www.espacesophro.fr\/index.php\/tarifs\/"]}]},{"@type":"BreadcrumbList","@id":"https:\/\/www.espacesophro.fr\/index.php\/tarifs\/#breadcrumb","itemListElement":[{"@type":"ListItem","position":1,"name":"Accueil","item":"https:\/\/www.espacesophro.fr\/"},{"@type":"ListItem","position":2,"name":"Tarifs"}]}]}},"_links":{"self":[{"href":"https:\/\/www.espacesophro.fr\/index.php\/wp-json\/wp\/v2\/pages\/12"}],"collection":[{"href":"https:\/\/www.espacesophro.fr\/index.php\/wp-json\/wp\/v2\/pages"}],"about":[{"href":"https:\/\/www.espacesophro.fr\/index.php\/wp-json\/wp\/v2\/types\/page"}],"author":[{"embeddable":true,"href":"https:\/\/www.espacesophro.fr\/index.php\/wp-json\/wp\/v2\/users\/1"}],"replies":[{"embeddable":true,"href":"https:\/\/www.espacesophro.fr\/index.php\/wp-json\/wp\/v2\/comments?post=12"}],"version-history":[{"count":5,"href":"https:\/\/www.espacesophro.fr\/index.php\/wp-json\/wp\/v2\/pages\/12\/revisions"}],"predecessor-version":[{"id":491,"href":"https:\/\/www.espacesophro.fr\/index.php\/wp-json\/wp\/v2\/pages\/12\/revisions\/491"}],"wp:featuredmedia":[{"embeddable":true,"href":"https:\/\/www.espacesophro.fr\/index.php\/wp-json\/wp\/v2\/media\/489"}],"wp:attachment":[{"href":"https:\/\/www.espacesophro.fr\/index.php\/wp-json\/wp\/v2\/media?parent=12"}],"curies":[{"name":"wp","href":"https:\/\/api.w.org\/{rel}","templated":true}]}}