{"id":16,"date":"2020-09-17T12:11:32","date_gmt":"2020-09-17T10:11:32","guid":{"rendered":"https:\/\/www.espacesophro.fr\/?page_id=16"},"modified":"2021-10-16T18:12:50","modified_gmt":"2021-10-16T16:12:50","slug":"pour-les-particuliers","status":"publish","type":"page","link":"https:\/\/www.espacesophro.fr\/index.php\/pour-les-particuliers\/","title":{"rendered":"Accompagnement pour les Particuliers"},"content":{"rendered":"\t\t<div data-elementor-type=\"wp-page\" data-elementor-id=\"16\" class=\"elementor elementor-16\" data-elementor-settings=\"[]\">\n\t\t\t\t\t\t<div class=\"elementor-inner\">\n\t\t\t\t\t\t\t<div class=\"elementor-section-wrap\">\n\t\t\t\t\t\t\t<section class=\"elementor-section elementor-top-section elementor-element elementor-element-5fadb5c elementor-section-boxed elementor-section-height-default elementor-section-height-default\" data-id=\"5fadb5c\" data-element_type=\"section\">\n\t\t\t\t\t\t<div class=\"elementor-container elementor-column-gap-default\">\n\t\t\t\t\t\t\t<div class=\"elementor-row\">\n\t\t\t\t\t<div class=\"elementor-column elementor-col-100 elementor-top-column elementor-element elementor-element-7580d52\" data-id=\"7580d52\" data-element_type=\"column\">\n\t\t\t<div class=\"elementor-column-wrap elementor-element-populated\">\n\t\t\t\t\t\t\t<div class=\"elementor-widget-wrap\">\n\t\t\t\t\t\t<div class=\"elementor-element elementor-element-8e51bf4 elementor-widget elementor-widget-toggle\" data-id=\"8e51bf4\" data-element_type=\"widget\" data-widget_type=\"toggle.default\">\n\t\t\t\t<div class=\"elementor-widget-container\">\n\t\t\t\t\t<div class=\"elementor-toggle\" role=\"tablist\">\n\t\t\t\t\t\t\t<div class=\"elementor-toggle-item\">\n\t\t\t\t\t<div id=\"elementor-tab-title-1491\" class=\"elementor-tab-title\" data-tab=\"1\" role=\"tab\" aria-controls=\"elementor-tab-content-1491\" aria-expanded=\"false\">\n\t\t\t\t\t\t\t\t\t\t\t\t<span class=\"elementor-toggle-icon elementor-toggle-icon-left\" aria-hidden=\"true\">\n\t\t\t\t\t\t\t\t\t\t\t\t\t\t\t<span class=\"elementor-toggle-icon-closed\"><i class=\"fas fa-caret-right\"><\/i><\/span>\n\t\t\t\t\t\t\t\t<span class=\"elementor-toggle-icon-opened\"><i class=\"elementor-toggle-icon-opened fas fa-caret-up\"><\/i><\/span>\n\t\t\t\t\t\t\t\t\t\t\t\t\t<\/span>\n\t\t\t\t\t\t\t\t\t\t\t\t<a href=\"\" class=\"elementor-toggle-title\">En individuel<\/a>\n\t\t\t\t\t<\/div>\n\n\t\t\t\t\t<div id=\"elementor-tab-content-1491\" class=\"elementor-tab-content elementor-clearfix\" data-tab=\"1\" role=\"tabpanel\" aria-labelledby=\"elementor-tab-title-1491\"><p><img class=\" wp-image-288 alignleft\" src=\"https:\/\/www.espacesophro.fr\/wp-content\/uploads\/2021\/10\/indiv-1-300x212.jpg\" alt=\"\" width=\"183\" height=\"130\" srcset=\"https:\/\/www.espacesophro.fr\/wp-content\/uploads\/2021\/10\/indiv-1-300x212.jpg 300w, https:\/\/www.espacesophro.fr\/wp-content\/uploads\/2021\/10\/indiv-1-85x60.jpg 85w, https:\/\/www.espacesophro.fr\/wp-content\/uploads\/2021\/10\/indiv-1.jpg 466w\" sizes=\"(max-width: 183px) 100vw, 183px\" \/>Le suivi individuel permet un <strong>accompagnement au plus proche de vous<\/strong>, de votre besoin, ou de votre projet.<\/p><p><img class=\" wp-image-289 alignright\" src=\"https:\/\/www.espacesophro.fr\/wp-content\/uploads\/2021\/10\/indiv-2-300x211.jpg\" alt=\"\" width=\"184\" height=\"129\" srcset=\"https:\/\/www.espacesophro.fr\/wp-content\/uploads\/2021\/10\/indiv-2-300x211.jpg 300w, https:\/\/www.espacesophro.fr\/wp-content\/uploads\/2021\/10\/indiv-2-85x60.jpg 85w, https:\/\/www.espacesophro.fr\/wp-content\/uploads\/2021\/10\/indiv-2.jpg 471w\" sizes=\"(max-width: 184px) 100vw, 184px\" \/><\/p><p>Le premier rendez-vous est l&rsquo;occasion de <strong>poser votre demande<\/strong>, de d\u00e9terminer ensemble votre objectif, de d\u00e9couvrir ma <strong>proposition d&rsquo;accompagnement<\/strong> et ma mani\u00e8re de travailler, et d&rsquo;<strong>exp\u00e9rimenter<\/strong> concr\u00e8tement la sophrologie.<\/p><p><img class=\" wp-image-290 alignleft\" src=\"https:\/\/www.espacesophro.fr\/wp-content\/uploads\/2021\/10\/indiv-3-300x212.jpg\" alt=\"\" width=\"199\" height=\"140\" srcset=\"https:\/\/www.espacesophro.fr\/wp-content\/uploads\/2021\/10\/indiv-3-300x212.jpg 300w, https:\/\/www.espacesophro.fr\/wp-content\/uploads\/2021\/10\/indiv-3-85x60.jpg 85w, https:\/\/www.espacesophro.fr\/wp-content\/uploads\/2021\/10\/indiv-3.jpg 478w\" sizes=\"(max-width: 199px) 100vw, 199px\" \/>Au cours de l&rsquo;accompagnement, les s\u00e9ances sont <strong>adapt\u00e9es<\/strong> \u00e0 votre \u00e9volution personnelle, \u00e0 l&rsquo;\u00e9volution de votre demande initiale si cela a lieu, et \u00e0 votre \u00e9tat du moment. Le suivi individuel prend en compte la <strong>globalit\u00e9 de votre personne<\/strong> (votre corps, votre mental et vos \u00e9motions) dans votre mani\u00e8re de vivre votre <strong>quotidien<\/strong>, en la <strong>p\u00e9riode actuelle de votre vie<\/strong>.<\/p><\/div>\n\t\t\t\t<\/div>\n\t\t\t\t\t\t\t<div class=\"elementor-toggle-item\">\n\t\t\t\t\t<div id=\"elementor-tab-title-1492\" class=\"elementor-tab-title\" data-tab=\"2\" role=\"tab\" aria-controls=\"elementor-tab-content-1492\" aria-expanded=\"false\">\n\t\t\t\t\t\t\t\t\t\t\t\t<span class=\"elementor-toggle-icon elementor-toggle-icon-left\" aria-hidden=\"true\">\n\t\t\t\t\t\t\t\t\t\t\t\t\t\t\t<span class=\"elementor-toggle-icon-closed\"><i class=\"fas fa-caret-right\"><\/i><\/span>\n\t\t\t\t\t\t\t\t<span class=\"elementor-toggle-icon-opened\"><i class=\"elementor-toggle-icon-opened fas fa-caret-up\"><\/i><\/span>\n\t\t\t\t\t\t\t\t\t\t\t\t\t<\/span>\n\t\t\t\t\t\t\t\t\t\t\t\t<a href=\"\" class=\"elementor-toggle-title\">En groupe<\/a>\n\t\t\t\t\t<\/div>\n\n\t\t\t\t\t<div id=\"elementor-tab-content-1492\" class=\"elementor-tab-content elementor-clearfix\" data-tab=\"2\" role=\"tabpanel\" aria-labelledby=\"elementor-tab-title-1492\"><p><img class=\"wp-image-388 alignleft\" src=\"https:\/\/www.espacesophro.fr\/wp-content\/uploads\/2021\/10\/groupe-2-300x235.jpg\" alt=\"\" width=\"193\" height=\"152\" srcset=\"https:\/\/www.espacesophro.fr\/wp-content\/uploads\/2021\/10\/groupe-2-300x235.jpg 300w, https:\/\/www.espacesophro.fr\/wp-content\/uploads\/2021\/10\/groupe-2-77x60.jpg 77w, https:\/\/www.espacesophro.fr\/wp-content\/uploads\/2021\/10\/groupe-2.jpg 417w\" sizes=\"(max-width: 193px) 100vw, 193px\" \/>Dans un <strong>cadre confidentiel et bienveillant<\/strong>, l&rsquo;exp\u00e9rience de la pratique en groupe ouvre l&rsquo;espace \u00e0 un temps pour soi, dans une dynamique diff\u00e9rente de celle des s\u00e9ances individuelles.<\/p><p>Les s\u00e9ances en groupe sont ainsi <strong>anim\u00e9es de fa\u00e7on ouverte<\/strong>, plus globale, pour que chacun puisse <strong>s&rsquo;approprier l&rsquo;exp\u00e9rience \u00e0 sa mani\u00e8re<\/strong>, en tant qu&rsquo;individu.<\/p><p>En amont et en aval de la pratique, un <strong>temps d&rsquo;expression<\/strong> est donn\u00e9 \u00e0 chacun (uniquement, si on le souhaite) dans une <strong>\u00e9coute respectueuse<\/strong>, sans jugement. Cependant, il ne s&rsquo;agit pas d&rsquo;un groupe de parole car les participants n&rsquo;interviennent pas sur ce que les autres expriment. Ces temps de partage peuvent <strong>donner \u00e0 chacun de la perspective sur sa propre vie<\/strong>, apporter un regard diff\u00e9rent, \u00ab\u00a0ouvrir des portes\u00a0\u00bb, etc.<\/p><p>Les s\u00e9ances de groupe existent sous <strong>deux formats<\/strong> :<\/p><p><strong><img class=\"wp-image-422 alignright\" style=\"font-weight: 400;\" src=\"https:\/\/www.espacesophro.fr\/wp-content\/uploads\/2021\/10\/groupe-site-5-1-300x228.jpg\" alt=\"\" width=\"177\" height=\"135\" srcset=\"https:\/\/www.espacesophro.fr\/wp-content\/uploads\/2021\/10\/groupe-site-5-1-300x228.jpg 300w, https:\/\/www.espacesophro.fr\/wp-content\/uploads\/2021\/10\/groupe-site-5-1-1024x778.jpg 1024w, https:\/\/www.espacesophro.fr\/wp-content\/uploads\/2021\/10\/groupe-site-5-1-768x584.jpg 768w, https:\/\/www.espacesophro.fr\/wp-content\/uploads\/2021\/10\/groupe-site-5-1-79x60.jpg 79w, https:\/\/www.espacesophro.fr\/wp-content\/uploads\/2021\/10\/groupe-site-5-1-110x83.jpg 110w, https:\/\/www.espacesophro.fr\/wp-content\/uploads\/2021\/10\/groupe-site-5-1.jpg 1254w\" sizes=\"(max-width: 177px) 100vw, 177px\" \/><\/strong><\/p><ul><li>la <strong>pratique avec<\/strong><strong>\u00a0un groupe constitu\u00e9 par l&rsquo;association<\/strong>, une fois par semaine, \u00e0 heure fixe,<\/li><li>la <strong>pratique avec un groupe<\/strong> que vous constituez vous-m\u00eame <strong>avec vos proches<\/strong>, sur rendez-vous. C&rsquo;est le groupe \u00ab\u00a0A la carte !\u00a0\u00bb<\/li><\/ul><p>Les s\u00e9ances de groupe peuvent \u00e9ventuellement \u00eatre anim\u00e9es autour d&rsquo;un th\u00e8me (confiance en soi, relation au stress, aux \u00e9motions, etc.)<\/p><\/div>\n\t\t\t\t<\/div>\n\t\t\t\t\t\t\t\t<\/div>\n\t\t\t\t<\/div>\n\t\t\t\t<\/div>\n\t\t\t\t\t\t<\/div>\n\t\t\t\t\t<\/div>\n\t\t<\/div>\n\t\t\t\t\t\t\t\t<\/div>\n\t\t\t\t\t<\/div>\n\t\t<\/section>\n\t\t\t\t\t\t<\/div>\n\t\t\t\t\t\t<\/div>\n\t\t\t\t\t<\/div>\n\t\t","protected":false},"excerpt":{"rendered":"<p>En individuel Le suivi individuel permet un accompagnement au plus proche de vous, de votre besoin, ou de votre projet. Le premier rendez-vous est l\u2019occasion de poser votre demande, de &hellip; <\/p>\n","protected":false},"author":1,"featured_media":501,"parent":0,"menu_order":0,"comment_status":"closed","ping_status":"closed","template":"","meta":[],"yoast_head":"<!-- This site is optimized with the Yoast SEO plugin v17.0 - https:\/\/yoast.com\/wordpress\/plugins\/seo\/ -->\n<title>Accompagnement pour les Particuliers - Espace Sophrologie<\/title>\n<meta name=\"robots\" content=\"index, follow, max-snippet:-1, max-image-preview:large, max-video-preview:-1\" \/>\n<link rel=\"canonical\" href=\"https:\/\/www.espacesophro.fr\/index.php\/pour-les-particuliers\/\" \/>\n<meta property=\"og:locale\" content=\"fr_FR\" \/>\n<meta property=\"og:type\" content=\"article\" \/>\n<meta property=\"og:title\" content=\"Accompagnement pour les Particuliers - Espace Sophrologie\" \/>\n<meta property=\"og:description\" content=\"En individuel Le suivi individuel permet un accompagnement au plus proche de vous, de votre besoin, ou de votre projet. Le premier rendez-vous est l\u2019occasion de poser votre demande, de &hellip;\" \/>\n<meta property=\"og:url\" content=\"https:\/\/www.espacesophro.fr\/index.php\/pour-les-particuliers\/\" \/>\n<meta property=\"og:site_name\" content=\"Espace Sophrologie\" \/>\n<meta property=\"article:modified_time\" content=\"2021-10-16T16:12:50+00:00\" \/>\n<meta property=\"og:image\" content=\"https:\/\/www.espacesophro.fr\/wp-content\/uploads\/2021\/10\/Image33.png\" \/>\n\t<meta property=\"og:image:width\" content=\"605\" \/>\n\t<meta property=\"og:image:height\" content=\"286\" \/>\n<meta name=\"twitter:card\" content=\"summary_large_image\" \/>\n<meta name=\"twitter:label1\" content=\"Dur\u00e9e de lecture est.\" \/>\n\t<meta name=\"twitter:data1\" content=\"3 minutes\" \/>\n<script type=\"application\/ld+json\" class=\"yoast-schema-graph\">{\"@context\":\"https:\/\/schema.org\",\"@graph\":[{\"@type\":\"WebSite\",\"@id\":\"https:\/\/www.espacesophro.fr\/#website\",\"url\":\"https:\/\/www.espacesophro.fr\/\",\"name\":\"Espace Sophrologie\",\"description\":\"Association solidaire de pratiques et d&#039;ateliers de sophrologie\",\"potentialAction\":[{\"@type\":\"SearchAction\",\"target\":{\"@type\":\"EntryPoint\",\"urlTemplate\":\"https:\/\/www.espacesophro.fr\/?s={search_term_string}\"},\"query-input\":\"required name=search_term_string\"}],\"inLanguage\":\"fr-FR\"},{\"@type\":\"ImageObject\",\"@id\":\"https:\/\/www.espacesophro.fr\/index.php\/pour-les-particuliers\/#primaryimage\",\"inLanguage\":\"fr-FR\",\"url\":\"https:\/\/www.espacesophro.fr\/wp-content\/uploads\/2021\/10\/Image33.png\",\"contentUrl\":\"https:\/\/www.espacesophro.fr\/wp-content\/uploads\/2021\/10\/Image33.png\",\"width\":605,\"height\":286},{\"@type\":\"WebPage\",\"@id\":\"https:\/\/www.espacesophro.fr\/index.php\/pour-les-particuliers\/#webpage\",\"url\":\"https:\/\/www.espacesophro.fr\/index.php\/pour-les-particuliers\/\",\"name\":\"Accompagnement pour les Particuliers - Espace Sophrologie\",\"isPartOf\":{\"@id\":\"https:\/\/www.espacesophro.fr\/#website\"},\"primaryImageOfPage\":{\"@id\":\"https:\/\/www.espacesophro.fr\/index.php\/pour-les-particuliers\/#primaryimage\"},\"datePublished\":\"2020-09-17T10:11:32+00:00\",\"dateModified\":\"2021-10-16T16:12:50+00:00\",\"breadcrumb\":{\"@id\":\"https:\/\/www.espacesophro.fr\/index.php\/pour-les-particuliers\/#breadcrumb\"},\"inLanguage\":\"fr-FR\",\"potentialAction\":[{\"@type\":\"ReadAction\",\"target\":[\"https:\/\/www.espacesophro.fr\/index.php\/pour-les-particuliers\/\"]}]},{\"@type\":\"BreadcrumbList\",\"@id\":\"https:\/\/www.espacesophro.fr\/index.php\/pour-les-particuliers\/#breadcrumb\",\"itemListElement\":[{\"@type\":\"ListItem\",\"position\":1,\"name\":\"Accueil\",\"item\":\"https:\/\/www.espacesophro.fr\/\"},{\"@type\":\"ListItem\",\"position\":2,\"name\":\"Accompagnement pour les Particuliers\"}]}]}<\/script>\n<!-- \/ Yoast SEO plugin. -->","yoast_head_json":{"title":"Accompagnement pour les Particuliers - Espace Sophrologie","robots":{"index":"index","follow":"follow","max-snippet":"max-snippet:-1","max-image-preview":"max-image-preview:large","max-video-preview":"max-video-preview:-1"},"canonical":"https:\/\/www.espacesophro.fr\/index.php\/pour-les-particuliers\/","og_locale":"fr_FR","og_type":"article","og_title":"Accompagnement pour les Particuliers - Espace Sophrologie","og_description":"En individuel Le suivi individuel permet un accompagnement au plus proche de vous, de votre besoin, ou de votre projet. Le premier rendez-vous est l\u2019occasion de poser votre demande, de &hellip;","og_url":"https:\/\/www.espacesophro.fr\/index.php\/pour-les-particuliers\/","og_site_name":"Espace Sophrologie","article_modified_time":"2021-10-16T16:12:50+00:00","og_image":[{"width":605,"height":286,"url":"https:\/\/www.espacesophro.fr\/wp-content\/uploads\/2021\/10\/Image33.png","path":"\/home\/kheryscohf\/espacesophro\/wp-content\/uploads\/2021\/10\/Image33.png","size":"full","id":501,"alt":"","pixels":173030,"type":"image\/png"}],"twitter_card":"summary_large_image","twitter_misc":{"Dur\u00e9e de lecture est.":"3 minutes"},"schema":{"@context":"https:\/\/schema.org","@graph":[{"@type":"WebSite","@id":"https:\/\/www.espacesophro.fr\/#website","url":"https:\/\/www.espacesophro.fr\/","name":"Espace Sophrologie","description":"Association solidaire de pratiques et d&#039;ateliers de sophrologie","potentialAction":[{"@type":"SearchAction","target":{"@type":"EntryPoint","urlTemplate":"https:\/\/www.espacesophro.fr\/?s={search_term_string}"},"query-input":"required name=search_term_string"}],"inLanguage":"fr-FR"},{"@type":"ImageObject","@id":"https:\/\/www.espacesophro.fr\/index.php\/pour-les-particuliers\/#primaryimage","inLanguage":"fr-FR","url":"https:\/\/www.espacesophro.fr\/wp-content\/uploads\/2021\/10\/Image33.png","contentUrl":"https:\/\/www.espacesophro.fr\/wp-content\/uploads\/2021\/10\/Image33.png","width":605,"height":286},{"@type":"WebPage","@id":"https:\/\/www.espacesophro.fr\/index.php\/pour-les-particuliers\/#webpage","url":"https:\/\/www.espacesophro.fr\/index.php\/pour-les-particuliers\/","name":"Accompagnement pour les Particuliers - Espace Sophrologie","isPartOf":{"@id":"https:\/\/www.espacesophro.fr\/#website"},"primaryImageOfPage":{"@id":"https:\/\/www.espacesophro.fr\/index.php\/pour-les-particuliers\/#primaryimage"},"datePublished":"2020-09-17T10:11:32+00:00","dateModified":"2021-10-16T16:12:50+00:00","breadcrumb":{"@id":"https:\/\/www.espacesophro.fr\/index.php\/pour-les-particuliers\/#breadcrumb"},"inLanguage":"fr-FR","potentialAction":[{"@type":"ReadAction","target":["https:\/\/www.espacesophro.fr\/index.php\/pour-les-particuliers\/"]}]},{"@type":"BreadcrumbList","@id":"https:\/\/www.espacesophro.fr\/index.php\/pour-les-particuliers\/#breadcrumb","itemListElement":[{"@type":"ListItem","position":1,"name":"Accueil","item":"https:\/\/www.espacesophro.fr\/"},{"@type":"ListItem","position":2,"name":"Accompagnement pour les Particuliers"}]}]}},"_links":{"self":[{"href":"https:\/\/www.espacesophro.fr\/index.php\/wp-json\/wp\/v2\/pages\/16"}],"collection":[{"href":"https:\/\/www.espacesophro.fr\/index.php\/wp-json\/wp\/v2\/pages"}],"about":[{"href":"https:\/\/www.espacesophro.fr\/index.php\/wp-json\/wp\/v2\/types\/page"}],"author":[{"embeddable":true,"href":"https:\/\/www.espacesophro.fr\/index.php\/wp-json\/wp\/v2\/users\/1"}],"replies":[{"embeddable":true,"href":"https:\/\/www.espacesophro.fr\/index.php\/wp-json\/wp\/v2\/comments?post=16"}],"version-history":[{"count":51,"href":"https:\/\/www.espacesophro.fr\/index.php\/wp-json\/wp\/v2\/pages\/16\/revisions"}],"predecessor-version":[{"id":454,"href":"https:\/\/www.espacesophro.fr\/index.php\/wp-json\/wp\/v2\/pages\/16\/revisions\/454"}],"wp:featuredmedia":[{"embeddable":true,"href":"https:\/\/www.espacesophro.fr\/index.php\/wp-json\/wp\/v2\/media\/501"}],"wp:attachment":[{"href":"https:\/\/www.espacesophro.fr\/index.php\/wp-json\/wp\/v2\/media?parent=16"}],"curies":[{"name":"wp","href":"https:\/\/api.w.org\/{rel}","templated":true}]}}