{"id":17,"date":"2020-09-17T12:11:32","date_gmt":"2020-09-17T10:11:32","guid":{"rendered":"https:\/\/www.espacesophro.fr\/?page_id=17"},"modified":"2021-10-16T18:13:43","modified_gmt":"2021-10-16T16:13:43","slug":"pour-les-professionnels","status":"publish","type":"page","link":"https:\/\/www.espacesophro.fr\/index.php\/pour-les-professionnels\/","title":{"rendered":"Accompagnement pour les structures"},"content":{"rendered":"\n<p>        Notre association intervient sur <strong>tous types de structures priv\u00e9es, publiques, associatives, etc.<\/strong> Ici le projet est de permettre aux structures de <strong>d\u00e9velopper un bien-\u00eatre<\/strong> en leur sein, tout en valorisant une <strong>d\u00e9marche solidaire<\/strong>.<\/p>\n\n\n\n<div class=\"wp-block-columns\">\n<div class=\"wp-block-column\" style=\"flex-basis:25%\">\n<div class=\"wp-block-image\"><figure class=\"aligncenter size-full\"><img width=\"529\" height=\"354\" src=\"https:\/\/www.espacesophro.fr\/wp-content\/uploads\/2021\/10\/groupe-entreprise-1.jpg\" alt=\"\" class=\"wp-image-298\" srcset=\"https:\/\/www.espacesophro.fr\/wp-content\/uploads\/2021\/10\/groupe-entreprise-1.jpg 529w, https:\/\/www.espacesophro.fr\/wp-content\/uploads\/2021\/10\/groupe-entreprise-1-300x201.jpg 300w, https:\/\/www.espacesophro.fr\/wp-content\/uploads\/2021\/10\/groupe-entreprise-1-90x60.jpg 90w, https:\/\/www.espacesophro.fr\/wp-content\/uploads\/2021\/10\/groupe-entreprise-1-370x247.jpg 370w\" sizes=\"(max-width: 529px) 100vw, 529px\" \/><\/figure><\/div>\n<\/div>\n\n\n\n<div class=\"wp-block-column is-vertically-aligned-center\" style=\"flex-basis:50%\">\n<p class=\"has-text-align-left\">        Les interventions en sophrologie peuvent contribuer \u00e0 la propre <strong>raison sociale<\/strong> de la structure (association, MJC, centres sociaux, etc.), ou entrer dans les <strong>projets d\u2019\u00e9tablissement<\/strong> (Ehpad, EPSM, etc.) ou encore participer au programme relatif \u00e0 la <strong>sant\u00e9 au travail<\/strong> et \u00e0 la pr\u00e9vention des risques professionnels (Pr\u00e9vention des Risques Psychosociaux) en entreprise comme en collectivit\u00e9s, tout en contribuant, par la dimension solidaire, \u00e0 valoriser leur image, etc.<\/p>\n<\/div>\n\n\n\n<div class=\"wp-block-column\" style=\"flex-basis:25%\">\n<div class=\"wp-block-image\"><figure class=\"aligncenter size-full\"><img width=\"478\" height=\"331\" src=\"https:\/\/www.espacesophro.fr\/wp-content\/uploads\/2021\/10\/groupe-seniors-1.png\" alt=\"\" class=\"wp-image-299\" srcset=\"https:\/\/www.espacesophro.fr\/wp-content\/uploads\/2021\/10\/groupe-seniors-1.png 478w, https:\/\/www.espacesophro.fr\/wp-content\/uploads\/2021\/10\/groupe-seniors-1-300x208.png 300w, https:\/\/www.espacesophro.fr\/wp-content\/uploads\/2021\/10\/groupe-seniors-1-87x60.png 87w\" sizes=\"(max-width: 478px) 100vw, 478px\" \/><\/figure><\/div>\n<\/div>\n<\/div>\n\n\n\n<p><\/p>\n","protected":false},"excerpt":{"rendered":"<p>Notre association intervient sur tous types de structures priv\u00e9es, publiques, associatives, etc. Ici le projet est de permettre aux structures de d\u00e9velopper un bien-\u00eatre en leur sein, tout en valorisant &hellip; <\/p>\n","protected":false},"author":1,"featured_media":501,"parent":0,"menu_order":0,"comment_status":"closed","ping_status":"closed","template":"","meta":[],"yoast_head":"<!-- This site is optimized with the Yoast SEO plugin v17.0 - https:\/\/yoast.com\/wordpress\/plugins\/seo\/ -->\n<title>Accompagnement pour les structures - Espace Sophrologie<\/title>\n<meta name=\"robots\" content=\"index, follow, max-snippet:-1, max-image-preview:large, max-video-preview:-1\" \/>\n<link rel=\"canonical\" href=\"https:\/\/www.espacesophro.fr\/index.php\/pour-les-professionnels\/\" \/>\n<meta property=\"og:locale\" content=\"fr_FR\" \/>\n<meta property=\"og:type\" content=\"article\" \/>\n<meta property=\"og:title\" content=\"Accompagnement pour les structures - Espace Sophrologie\" \/>\n<meta property=\"og:description\" content=\"Notre association intervient sur tous types de structures priv\u00e9es, publiques, associatives, etc. Ici le projet est de permettre aux structures de d\u00e9velopper un bien-\u00eatre en leur sein, tout en valorisant &hellip;\" \/>\n<meta property=\"og:url\" content=\"https:\/\/www.espacesophro.fr\/index.php\/pour-les-professionnels\/\" \/>\n<meta property=\"og:site_name\" content=\"Espace Sophrologie\" \/>\n<meta property=\"article:modified_time\" content=\"2021-10-16T16:13:43+00:00\" \/>\n<meta property=\"og:image\" content=\"https:\/\/www.espacesophro.fr\/wp-content\/uploads\/2021\/10\/Image33.png\" \/>\n\t<meta property=\"og:image:width\" content=\"605\" \/>\n\t<meta property=\"og:image:height\" content=\"286\" \/>\n<meta name=\"twitter:card\" content=\"summary_large_image\" \/>\n<meta name=\"twitter:label1\" content=\"Dur\u00e9e de lecture est.\" \/>\n\t<meta name=\"twitter:data1\" content=\"1 minute\" \/>\n<script type=\"application\/ld+json\" class=\"yoast-schema-graph\">{\"@context\":\"https:\/\/schema.org\",\"@graph\":[{\"@type\":\"WebSite\",\"@id\":\"https:\/\/www.espacesophro.fr\/#website\",\"url\":\"https:\/\/www.espacesophro.fr\/\",\"name\":\"Espace Sophrologie\",\"description\":\"Association solidaire de pratiques et d&#039;ateliers de sophrologie\",\"potentialAction\":[{\"@type\":\"SearchAction\",\"target\":{\"@type\":\"EntryPoint\",\"urlTemplate\":\"https:\/\/www.espacesophro.fr\/?s={search_term_string}\"},\"query-input\":\"required name=search_term_string\"}],\"inLanguage\":\"fr-FR\"},{\"@type\":\"ImageObject\",\"@id\":\"https:\/\/www.espacesophro.fr\/index.php\/pour-les-professionnels\/#primaryimage\",\"inLanguage\":\"fr-FR\",\"url\":\"https:\/\/www.espacesophro.fr\/wp-content\/uploads\/2021\/10\/Image33.png\",\"contentUrl\":\"https:\/\/www.espacesophro.fr\/wp-content\/uploads\/2021\/10\/Image33.png\",\"width\":605,\"height\":286},{\"@type\":\"WebPage\",\"@id\":\"https:\/\/www.espacesophro.fr\/index.php\/pour-les-professionnels\/#webpage\",\"url\":\"https:\/\/www.espacesophro.fr\/index.php\/pour-les-professionnels\/\",\"name\":\"Accompagnement pour les structures - Espace Sophrologie\",\"isPartOf\":{\"@id\":\"https:\/\/www.espacesophro.fr\/#website\"},\"primaryImageOfPage\":{\"@id\":\"https:\/\/www.espacesophro.fr\/index.php\/pour-les-professionnels\/#primaryimage\"},\"datePublished\":\"2020-09-17T10:11:32+00:00\",\"dateModified\":\"2021-10-16T16:13:43+00:00\",\"breadcrumb\":{\"@id\":\"https:\/\/www.espacesophro.fr\/index.php\/pour-les-professionnels\/#breadcrumb\"},\"inLanguage\":\"fr-FR\",\"potentialAction\":[{\"@type\":\"ReadAction\",\"target\":[\"https:\/\/www.espacesophro.fr\/index.php\/pour-les-professionnels\/\"]}]},{\"@type\":\"BreadcrumbList\",\"@id\":\"https:\/\/www.espacesophro.fr\/index.php\/pour-les-professionnels\/#breadcrumb\",\"itemListElement\":[{\"@type\":\"ListItem\",\"position\":1,\"name\":\"Accueil\",\"item\":\"https:\/\/www.espacesophro.fr\/\"},{\"@type\":\"ListItem\",\"position\":2,\"name\":\"Accompagnement pour les structures\"}]}]}<\/script>\n<!-- \/ Yoast SEO plugin. -->","yoast_head_json":{"title":"Accompagnement pour les structures - Espace Sophrologie","robots":{"index":"index","follow":"follow","max-snippet":"max-snippet:-1","max-image-preview":"max-image-preview:large","max-video-preview":"max-video-preview:-1"},"canonical":"https:\/\/www.espacesophro.fr\/index.php\/pour-les-professionnels\/","og_locale":"fr_FR","og_type":"article","og_title":"Accompagnement pour les structures - Espace Sophrologie","og_description":"Notre association intervient sur tous types de structures priv\u00e9es, publiques, associatives, etc. Ici le projet est de permettre aux structures de d\u00e9velopper un bien-\u00eatre en leur sein, tout en valorisant &hellip;","og_url":"https:\/\/www.espacesophro.fr\/index.php\/pour-les-professionnels\/","og_site_name":"Espace Sophrologie","article_modified_time":"2021-10-16T16:13:43+00:00","og_image":[{"width":605,"height":286,"url":"https:\/\/www.espacesophro.fr\/wp-content\/uploads\/2021\/10\/Image33.png","path":"\/home\/kheryscohf\/espacesophro\/wp-content\/uploads\/2021\/10\/Image33.png","size":"full","id":501,"alt":"","pixels":173030,"type":"image\/png"}],"twitter_card":"summary_large_image","twitter_misc":{"Dur\u00e9e de lecture est.":"1 minute"},"schema":{"@context":"https:\/\/schema.org","@graph":[{"@type":"WebSite","@id":"https:\/\/www.espacesophro.fr\/#website","url":"https:\/\/www.espacesophro.fr\/","name":"Espace Sophrologie","description":"Association solidaire de pratiques et d&#039;ateliers de sophrologie","potentialAction":[{"@type":"SearchAction","target":{"@type":"EntryPoint","urlTemplate":"https:\/\/www.espacesophro.fr\/?s={search_term_string}"},"query-input":"required name=search_term_string"}],"inLanguage":"fr-FR"},{"@type":"ImageObject","@id":"https:\/\/www.espacesophro.fr\/index.php\/pour-les-professionnels\/#primaryimage","inLanguage":"fr-FR","url":"https:\/\/www.espacesophro.fr\/wp-content\/uploads\/2021\/10\/Image33.png","contentUrl":"https:\/\/www.espacesophro.fr\/wp-content\/uploads\/2021\/10\/Image33.png","width":605,"height":286},{"@type":"WebPage","@id":"https:\/\/www.espacesophro.fr\/index.php\/pour-les-professionnels\/#webpage","url":"https:\/\/www.espacesophro.fr\/index.php\/pour-les-professionnels\/","name":"Accompagnement pour les structures - Espace Sophrologie","isPartOf":{"@id":"https:\/\/www.espacesophro.fr\/#website"},"primaryImageOfPage":{"@id":"https:\/\/www.espacesophro.fr\/index.php\/pour-les-professionnels\/#primaryimage"},"datePublished":"2020-09-17T10:11:32+00:00","dateModified":"2021-10-16T16:13:43+00:00","breadcrumb":{"@id":"https:\/\/www.espacesophro.fr\/index.php\/pour-les-professionnels\/#breadcrumb"},"inLanguage":"fr-FR","potentialAction":[{"@type":"ReadAction","target":["https:\/\/www.espacesophro.fr\/index.php\/pour-les-professionnels\/"]}]},{"@type":"BreadcrumbList","@id":"https:\/\/www.espacesophro.fr\/index.php\/pour-les-professionnels\/#breadcrumb","itemListElement":[{"@type":"ListItem","position":1,"name":"Accueil","item":"https:\/\/www.espacesophro.fr\/"},{"@type":"ListItem","position":2,"name":"Accompagnement pour les structures"}]}]}},"_links":{"self":[{"href":"https:\/\/www.espacesophro.fr\/index.php\/wp-json\/wp\/v2\/pages\/17"}],"collection":[{"href":"https:\/\/www.espacesophro.fr\/index.php\/wp-json\/wp\/v2\/pages"}],"about":[{"href":"https:\/\/www.espacesophro.fr\/index.php\/wp-json\/wp\/v2\/types\/page"}],"author":[{"embeddable":true,"href":"https:\/\/www.espacesophro.fr\/index.php\/wp-json\/wp\/v2\/users\/1"}],"replies":[{"embeddable":true,"href":"https:\/\/www.espacesophro.fr\/index.php\/wp-json\/wp\/v2\/comments?post=17"}],"version-history":[{"count":6,"href":"https:\/\/www.espacesophro.fr\/index.php\/wp-json\/wp\/v2\/pages\/17\/revisions"}],"predecessor-version":[{"id":470,"href":"https:\/\/www.espacesophro.fr\/index.php\/wp-json\/wp\/v2\/pages\/17\/revisions\/470"}],"wp:featuredmedia":[{"embeddable":true,"href":"https:\/\/www.espacesophro.fr\/index.php\/wp-json\/wp\/v2\/media\/501"}],"wp:attachment":[{"href":"https:\/\/www.espacesophro.fr\/index.php\/wp-json\/wp\/v2\/media?parent=17"}],"curies":[{"name":"wp","href":"https:\/\/api.w.org\/{rel}","templated":true}]}}