{"id":259,"date":"2021-09-26T16:34:57","date_gmt":"2021-09-26T14:34:57","guid":{"rendered":"https:\/\/www.espacesophro.fr\/?page_id=259"},"modified":"2021-10-16T18:14:04","modified_gmt":"2021-10-16T16:14:04","slug":"evenementsponctuels","status":"publish","type":"page","link":"https:\/\/www.espacesophro.fr\/index.php\/evenementsponctuels\/","title":{"rendered":"Ev\u00e8nements ponctuels"},"content":{"rendered":"\n<p>         <\/p>\n\n\n\n<div class=\"wp-block-columns\">\n<div class=\"wp-block-column\" style=\"flex-basis:33.33%\">\n<div class=\"wp-block-image\"><figure class=\"aligncenter size-full\"><img width=\"396\" height=\"286\" src=\"https:\/\/www.espacesophro.fr\/wp-content\/uploads\/2021\/10\/conf-site.jpg\" alt=\"\" class=\"wp-image-441\" srcset=\"https:\/\/www.espacesophro.fr\/wp-content\/uploads\/2021\/10\/conf-site.jpg 396w, https:\/\/www.espacesophro.fr\/wp-content\/uploads\/2021\/10\/conf-site-300x217.jpg 300w, https:\/\/www.espacesophro.fr\/wp-content\/uploads\/2021\/10\/conf-site-83x60.jpg 83w\" sizes=\"(max-width: 396px) 100vw, 396px\" \/><\/figure><\/div>\n<\/div>\n\n\n\n<div class=\"wp-block-column\" style=\"flex-basis:66.66%\">\n<p> <\/p>\n\n\n\n<p>Occasionnellement, l\u2019association Espace Sophrologie proposera des pratiques, animations, ateliers ou <strong>\u00e9v\u00e8nements ponctuels<\/strong> tels que des <strong>temps d\u2019informations<\/strong> autour de la sophrologie, des s\u00e9ances sur des <strong>th\u00e9matiques<\/strong> (stress, \u00e9motions, confiance en soi, pr\u00e9paration aux examens, etc.), des <strong>temps m\u00e9ditatifs<\/strong>, de <strong>relaxation<\/strong>, des <strong>conf\u00e9rences<\/strong>, des <strong>moments de partage<\/strong> autour de divers sujets relatifs au mieux-\u00eatre, etc. <\/p>\n<\/div>\n<\/div>\n\n\n\n<div class=\"wp-block-columns\">\n<div class=\"wp-block-column\" style=\"flex-basis:66.66%\">\n<p>         <\/p>\n\n\n\n<p>Ces interventions ponctuelles pourront \u00eatre <strong>\u00e0 destination des particuliers comme des structures<\/strong>. <\/p>\n<\/div>\n\n\n\n<div class=\"wp-block-column\" style=\"flex-basis:33.33%\">\n<div class=\"wp-block-columns\">\n<div class=\"wp-block-column\">\n<figure class=\"wp-block-image size-full\"><img width=\"515\" height=\"322\" src=\"https:\/\/www.espacesophro.fr\/wp-content\/uploads\/2021\/10\/meditation.jpg\" alt=\"\" class=\"wp-image-436\" srcset=\"https:\/\/www.espacesophro.fr\/wp-content\/uploads\/2021\/10\/meditation.jpg 515w, https:\/\/www.espacesophro.fr\/wp-content\/uploads\/2021\/10\/meditation-300x188.jpg 300w, https:\/\/www.espacesophro.fr\/wp-content\/uploads\/2021\/10\/meditation-96x60.jpg 96w\" sizes=\"(max-width: 515px) 100vw, 515px\" \/><\/figure>\n<\/div>\n\n\n\n<div class=\"wp-block-column\">\n<figure class=\"wp-block-image size-full\"><img width=\"239\" height=\"148\" src=\"https:\/\/www.espacesophro.fr\/wp-content\/uploads\/2021\/10\/relaxation-site.jpg\" alt=\"\" class=\"wp-image-439\" srcset=\"https:\/\/www.espacesophro.fr\/wp-content\/uploads\/2021\/10\/relaxation-site.jpg 239w, https:\/\/www.espacesophro.fr\/wp-content\/uploads\/2021\/10\/relaxation-site-97x60.jpg 97w\" sizes=\"(max-width: 239px) 100vw, 239px\" \/><\/figure>\n<\/div>\n<\/div>\n<\/div>\n<\/div>\n\n\n\n<div class=\"wp-block-columns\">\n<div class=\"wp-block-column\" style=\"flex-basis:33.33%\">\n<div class=\"wp-block-image\"><figure class=\"aligncenter size-full is-resized\"><img src=\"https:\/\/www.espacesophro.fr\/wp-content\/uploads\/2021\/10\/parlez-site.png\" alt=\"\" class=\"wp-image-438\" width=\"371\" height=\"259\" srcset=\"https:\/\/www.espacesophro.fr\/wp-content\/uploads\/2021\/10\/parlez-site.png 279w, https:\/\/www.espacesophro.fr\/wp-content\/uploads\/2021\/10\/parlez-site-85x60.png 85w\" sizes=\"(max-width: 371px) 100vw, 371px\" \/><\/figure><\/div>\n<\/div>\n\n\n\n<div class=\"wp-block-column\" style=\"flex-basis:66.66%\">\n<p> <\/p>\n\n\n\n<p><\/p>\n\n\n\n<p><\/p>\n\n\n\n<p>N\u2019h\u00e9sitez pas \u00e0 nous contacter pour nous sugg\u00e9rer des th\u00e9matiques ou des formats d\u2019ateliers qui vous int\u00e9resseraient&nbsp;! <\/p>\n<\/div>\n<\/div>\n","protected":false},"excerpt":{"rendered":"<p>Occasionnellement, l\u2019association Espace Sophrologie proposera des pratiques, animations, ateliers ou \u00e9v\u00e8nements ponctuels tels que des temps d\u2019informations autour de la sophrologie, des s\u00e9ances sur des th\u00e9matiques (stress, \u00e9motions, confiance en &hellip; <\/p>\n","protected":false},"author":3,"featured_media":501,"parent":0,"menu_order":0,"comment_status":"closed","ping_status":"closed","template":"","meta":[],"yoast_head":"<!-- This site is optimized with the Yoast SEO plugin v17.0 - https:\/\/yoast.com\/wordpress\/plugins\/seo\/ -->\n<title>Ev\u00e8nements ponctuels - Espace Sophrologie<\/title>\n<meta name=\"robots\" content=\"index, follow, max-snippet:-1, max-image-preview:large, max-video-preview:-1\" \/>\n<link rel=\"canonical\" href=\"https:\/\/www.espacesophro.fr\/index.php\/evenementsponctuels\/\" \/>\n<meta property=\"og:locale\" content=\"fr_FR\" \/>\n<meta property=\"og:type\" content=\"article\" \/>\n<meta property=\"og:title\" content=\"Ev\u00e8nements ponctuels - Espace Sophrologie\" \/>\n<meta property=\"og:description\" content=\"Occasionnellement, l\u2019association Espace Sophrologie proposera des pratiques, animations, ateliers ou \u00e9v\u00e8nements ponctuels tels que des temps d\u2019informations autour de la sophrologie, des s\u00e9ances sur des th\u00e9matiques (stress, \u00e9motions, confiance en &hellip;\" \/>\n<meta property=\"og:url\" content=\"https:\/\/www.espacesophro.fr\/index.php\/evenementsponctuels\/\" \/>\n<meta property=\"og:site_name\" content=\"Espace Sophrologie\" \/>\n<meta property=\"article:modified_time\" content=\"2021-10-16T16:14:04+00:00\" \/>\n<meta property=\"og:image\" content=\"https:\/\/www.espacesophro.fr\/wp-content\/uploads\/2021\/10\/Image33.png\" \/>\n\t<meta property=\"og:image:width\" content=\"605\" \/>\n\t<meta property=\"og:image:height\" content=\"286\" \/>\n<meta name=\"twitter:card\" content=\"summary_large_image\" \/>\n<meta name=\"twitter:label1\" content=\"Dur\u00e9e de lecture est.\" \/>\n\t<meta name=\"twitter:data1\" content=\"2 minutes\" \/>\n<script type=\"application\/ld+json\" class=\"yoast-schema-graph\">{\"@context\":\"https:\/\/schema.org\",\"@graph\":[{\"@type\":\"WebSite\",\"@id\":\"https:\/\/www.espacesophro.fr\/#website\",\"url\":\"https:\/\/www.espacesophro.fr\/\",\"name\":\"Espace Sophrologie\",\"description\":\"Association solidaire de pratiques et d&#039;ateliers de sophrologie\",\"potentialAction\":[{\"@type\":\"SearchAction\",\"target\":{\"@type\":\"EntryPoint\",\"urlTemplate\":\"https:\/\/www.espacesophro.fr\/?s={search_term_string}\"},\"query-input\":\"required name=search_term_string\"}],\"inLanguage\":\"fr-FR\"},{\"@type\":\"ImageObject\",\"@id\":\"https:\/\/www.espacesophro.fr\/index.php\/evenementsponctuels\/#primaryimage\",\"inLanguage\":\"fr-FR\",\"url\":\"https:\/\/www.espacesophro.fr\/wp-content\/uploads\/2021\/10\/Image33.png\",\"contentUrl\":\"https:\/\/www.espacesophro.fr\/wp-content\/uploads\/2021\/10\/Image33.png\",\"width\":605,\"height\":286},{\"@type\":\"WebPage\",\"@id\":\"https:\/\/www.espacesophro.fr\/index.php\/evenementsponctuels\/#webpage\",\"url\":\"https:\/\/www.espacesophro.fr\/index.php\/evenementsponctuels\/\",\"name\":\"Ev\\u00e8nements ponctuels - Espace Sophrologie\",\"isPartOf\":{\"@id\":\"https:\/\/www.espacesophro.fr\/#website\"},\"primaryImageOfPage\":{\"@id\":\"https:\/\/www.espacesophro.fr\/index.php\/evenementsponctuels\/#primaryimage\"},\"datePublished\":\"2021-09-26T14:34:57+00:00\",\"dateModified\":\"2021-10-16T16:14:04+00:00\",\"breadcrumb\":{\"@id\":\"https:\/\/www.espacesophro.fr\/index.php\/evenementsponctuels\/#breadcrumb\"},\"inLanguage\":\"fr-FR\",\"potentialAction\":[{\"@type\":\"ReadAction\",\"target\":[\"https:\/\/www.espacesophro.fr\/index.php\/evenementsponctuels\/\"]}]},{\"@type\":\"BreadcrumbList\",\"@id\":\"https:\/\/www.espacesophro.fr\/index.php\/evenementsponctuels\/#breadcrumb\",\"itemListElement\":[{\"@type\":\"ListItem\",\"position\":1,\"name\":\"Accueil\",\"item\":\"https:\/\/www.espacesophro.fr\/\"},{\"@type\":\"ListItem\",\"position\":2,\"name\":\"Ev\\u00e8nements ponctuels\"}]}]}<\/script>\n<!-- \/ Yoast SEO plugin. -->","yoast_head_json":{"title":"Ev\u00e8nements ponctuels - Espace Sophrologie","robots":{"index":"index","follow":"follow","max-snippet":"max-snippet:-1","max-image-preview":"max-image-preview:large","max-video-preview":"max-video-preview:-1"},"canonical":"https:\/\/www.espacesophro.fr\/index.php\/evenementsponctuels\/","og_locale":"fr_FR","og_type":"article","og_title":"Ev\u00e8nements ponctuels - Espace Sophrologie","og_description":"Occasionnellement, l\u2019association Espace Sophrologie proposera des pratiques, animations, ateliers ou \u00e9v\u00e8nements ponctuels tels que des temps d\u2019informations autour de la sophrologie, des s\u00e9ances sur des th\u00e9matiques (stress, \u00e9motions, confiance en &hellip;","og_url":"https:\/\/www.espacesophro.fr\/index.php\/evenementsponctuels\/","og_site_name":"Espace Sophrologie","article_modified_time":"2021-10-16T16:14:04+00:00","og_image":[{"width":605,"height":286,"url":"https:\/\/www.espacesophro.fr\/wp-content\/uploads\/2021\/10\/Image33.png","path":"\/home\/kheryscohf\/espacesophro\/wp-content\/uploads\/2021\/10\/Image33.png","size":"full","id":501,"alt":"","pixels":173030,"type":"image\/png"}],"twitter_card":"summary_large_image","twitter_misc":{"Dur\u00e9e de lecture est.":"2 minutes"},"schema":{"@context":"https:\/\/schema.org","@graph":[{"@type":"WebSite","@id":"https:\/\/www.espacesophro.fr\/#website","url":"https:\/\/www.espacesophro.fr\/","name":"Espace Sophrologie","description":"Association solidaire de pratiques et d&#039;ateliers de sophrologie","potentialAction":[{"@type":"SearchAction","target":{"@type":"EntryPoint","urlTemplate":"https:\/\/www.espacesophro.fr\/?s={search_term_string}"},"query-input":"required name=search_term_string"}],"inLanguage":"fr-FR"},{"@type":"ImageObject","@id":"https:\/\/www.espacesophro.fr\/index.php\/evenementsponctuels\/#primaryimage","inLanguage":"fr-FR","url":"https:\/\/www.espacesophro.fr\/wp-content\/uploads\/2021\/10\/Image33.png","contentUrl":"https:\/\/www.espacesophro.fr\/wp-content\/uploads\/2021\/10\/Image33.png","width":605,"height":286},{"@type":"WebPage","@id":"https:\/\/www.espacesophro.fr\/index.php\/evenementsponctuels\/#webpage","url":"https:\/\/www.espacesophro.fr\/index.php\/evenementsponctuels\/","name":"Ev\u00e8nements ponctuels - Espace Sophrologie","isPartOf":{"@id":"https:\/\/www.espacesophro.fr\/#website"},"primaryImageOfPage":{"@id":"https:\/\/www.espacesophro.fr\/index.php\/evenementsponctuels\/#primaryimage"},"datePublished":"2021-09-26T14:34:57+00:00","dateModified":"2021-10-16T16:14:04+00:00","breadcrumb":{"@id":"https:\/\/www.espacesophro.fr\/index.php\/evenementsponctuels\/#breadcrumb"},"inLanguage":"fr-FR","potentialAction":[{"@type":"ReadAction","target":["https:\/\/www.espacesophro.fr\/index.php\/evenementsponctuels\/"]}]},{"@type":"BreadcrumbList","@id":"https:\/\/www.espacesophro.fr\/index.php\/evenementsponctuels\/#breadcrumb","itemListElement":[{"@type":"ListItem","position":1,"name":"Accueil","item":"https:\/\/www.espacesophro.fr\/"},{"@type":"ListItem","position":2,"name":"Ev\u00e8nements ponctuels"}]}]}},"_links":{"self":[{"href":"https:\/\/www.espacesophro.fr\/index.php\/wp-json\/wp\/v2\/pages\/259"}],"collection":[{"href":"https:\/\/www.espacesophro.fr\/index.php\/wp-json\/wp\/v2\/pages"}],"about":[{"href":"https:\/\/www.espacesophro.fr\/index.php\/wp-json\/wp\/v2\/types\/page"}],"author":[{"embeddable":true,"href":"https:\/\/www.espacesophro.fr\/index.php\/wp-json\/wp\/v2\/users\/3"}],"replies":[{"embeddable":true,"href":"https:\/\/www.espacesophro.fr\/index.php\/wp-json\/wp\/v2\/comments?post=259"}],"version-history":[{"count":4,"href":"https:\/\/www.espacesophro.fr\/index.php\/wp-json\/wp\/v2\/pages\/259\/revisions"}],"predecessor-version":[{"id":490,"href":"https:\/\/www.espacesophro.fr\/index.php\/wp-json\/wp\/v2\/pages\/259\/revisions\/490"}],"wp:featuredmedia":[{"embeddable":true,"href":"https:\/\/www.espacesophro.fr\/index.php\/wp-json\/wp\/v2\/media\/501"}],"wp:attachment":[{"href":"https:\/\/www.espacesophro.fr\/index.php\/wp-json\/wp\/v2\/media?parent=259"}],"curies":[{"name":"wp","href":"https:\/\/api.w.org\/{rel}","templated":true}]}}