{"id":262,"date":"2021-09-26T16:37:41","date_gmt":"2021-09-26T14:37:41","guid":{"rendered":"https:\/\/www.espacesophro.fr\/?page_id=262"},"modified":"2022-09-12T19:26:51","modified_gmt":"2022-09-12T17:26:51","slug":"tarifs-particuliers","status":"publish","type":"page","link":"https:\/\/www.espacesophro.fr\/index.php\/tarifs-particuliers\/","title":{"rendered":"Tarifs pour les particuliers"},"content":{"rendered":"\t\t<div data-elementor-type=\"wp-page\" data-elementor-id=\"262\" class=\"elementor elementor-262\" data-elementor-settings=\"[]\">\n\t\t\t\t\t\t<div class=\"elementor-inner\">\n\t\t\t\t\t\t\t<div class=\"elementor-section-wrap\">\n\t\t\t\t\t\t\t<section class=\"elementor-section elementor-top-section elementor-element elementor-element-b964107 elementor-section-boxed elementor-section-height-default elementor-section-height-default\" data-id=\"b964107\" data-element_type=\"section\">\n\t\t\t\t\t\t<div class=\"elementor-container elementor-column-gap-default\">\n\t\t\t\t\t\t\t<div class=\"elementor-row\">\n\t\t\t\t\t<div class=\"elementor-column elementor-col-100 elementor-top-column elementor-element elementor-element-639a703\" data-id=\"639a703\" data-element_type=\"column\">\n\t\t\t<div class=\"elementor-column-wrap elementor-element-populated\">\n\t\t\t\t\t\t\t<div class=\"elementor-widget-wrap\">\n\t\t\t\t\t\t<div class=\"elementor-element elementor-element-80f78cb elementor-widget elementor-widget-toggle\" data-id=\"80f78cb\" data-element_type=\"widget\" data-widget_type=\"toggle.default\">\n\t\t\t\t<div class=\"elementor-widget-container\">\n\t\t\t\t\t<div class=\"elementor-toggle\" role=\"tablist\">\n\t\t\t\t\t\t\t<div class=\"elementor-toggle-item\">\n\t\t\t\t\t<div id=\"elementor-tab-title-1351\" class=\"elementor-tab-title\" data-tab=\"1\" role=\"tab\" aria-controls=\"elementor-tab-content-1351\" aria-expanded=\"false\">\n\t\t\t\t\t\t\t\t\t\t\t\t<span class=\"elementor-toggle-icon elementor-toggle-icon-left\" aria-hidden=\"true\">\n\t\t\t\t\t\t\t\t\t\t\t\t\t\t\t<span class=\"elementor-toggle-icon-closed\"><i class=\"fas fa-caret-right\"><\/i><\/span>\n\t\t\t\t\t\t\t\t<span class=\"elementor-toggle-icon-opened\"><i class=\"elementor-toggle-icon-opened fas fa-caret-up\"><\/i><\/span>\n\t\t\t\t\t\t\t\t\t\t\t\t\t<\/span>\n\t\t\t\t\t\t\t\t\t\t\t\t<a href=\"\" class=\"elementor-toggle-title\">Suivi individuel<\/a>\n\t\t\t\t\t<\/div>\n\n\t\t\t\t\t<div id=\"elementor-tab-content-1351\" class=\"elementor-tab-content elementor-clearfix\" data-tab=\"1\" role=\"tabpanel\" aria-labelledby=\"elementor-tab-title-1351\"><p><img class=\"wp-image-392 alignleft\" src=\"https:\/\/www.espacesophro.fr\/wp-content\/uploads\/2021\/10\/indiv-5-300x211.jpg\" alt=\"\" width=\"193\" height=\"136\" srcset=\"https:\/\/www.espacesophro.fr\/wp-content\/uploads\/2021\/10\/indiv-5-300x211.jpg 300w, https:\/\/www.espacesophro.fr\/wp-content\/uploads\/2021\/10\/indiv-5-85x60.jpg 85w, https:\/\/www.espacesophro.fr\/wp-content\/uploads\/2021\/10\/indiv-5.jpg 500w\" sizes=\"(max-width: 193px) 100vw, 193px\" \/>Nous souhaitons associer nos b\u00e9n\u00e9ficiaires au <strong>projet solidaire<\/strong> que porte notre association.\u00a0Ainsi, les <strong>tarifs<\/strong> sont <strong>diff\u00e9renci\u00e9s<\/strong> selon les situations de chacun. En venant pratiquer la sophrologie dans notre association, vous permettez \u00e0 notre structure d\u2019\u00eatre p\u00e9renne et ainsi, \u00e0 d\u2019autres personnes, ayant moins de moyens, de b\u00e9n\u00e9ficier de s\u00e9ances de sophrologie \u00e0 moindre co\u00fbt, selon<strong> notre projet associatif<\/strong>.<\/p><p><strong>Avec nous, VOUS \u00eates porteurs de cette valeur de solidarit\u00e9\u00a0!<\/strong><\/p><p><em>\u00a0 \u00a0 \u00a0 \u00a0 \u00a0 \u00a0 \u00a0 <strong><span style=\"text-decoration: underline;\">Pour<\/span><u> les suivis<\/u><\/strong><\/em><strong><em><u> en individuel (1h-1h15) :<\/u><\/em><\/strong><\/p><ul><li><strong><strong><strong><img class=\"wp-image-393 alignright\" src=\"https:\/\/www.espacesophro.fr\/wp-content\/uploads\/2021\/10\/indiv-4-300x211.jpg\" alt=\"\" width=\"192\" height=\"135\" srcset=\"https:\/\/www.espacesophro.fr\/wp-content\/uploads\/2021\/10\/indiv-4-300x211.jpg 300w, https:\/\/www.espacesophro.fr\/wp-content\/uploads\/2021\/10\/indiv-4-85x60.jpg 85w, https:\/\/www.espacesophro.fr\/wp-content\/uploads\/2021\/10\/indiv-4.jpg 473w\" sizes=\"(max-width: 192px) 100vw, 192px\" \/><\/strong><\/strong>50 euros<\/strong> tarif classique adulte,<strong><br \/><\/strong><\/li><li><strong>25 euros<\/strong> (mi-tarif solidaire) pour les personnes non-imposables, en recherche d\u2019emploi, s\u00e9niors et \u00e9tudiants, sur pr\u00e9sentation d\u2019un justificatif,<\/li><li><strong>40 euros<\/strong> tarif enfant jusque 12 ans (1h premi\u00e8re consultation puis 45 minutes).<\/li><\/ul><p><strong>Accompagnements \u00e0 domicile<\/strong> pour le m\u00eame tarif dans un rayon de 10 km.<\/p><p><strong>R\u00e8glement en esp\u00e8ces ou par ch\u00e8que. <\/strong><strong>Possibilit\u00e9 de r\u00e8glement en plusieurs fois. <\/strong><\/p><p>L\u2019aspect financier ne doit pas \u00eatre un frein \u00e0 la pratique, des solutions pourront \u00eatre trouver au cas par cas.<\/p><p><span style=\"text-decoration: underline;\"><em><strong>A noter\u00a0<\/strong><\/em><\/span>: Si les s\u00e9ances de sophrologie ne sont pas rembours\u00e9es par la S\u00e9curit\u00e9 Sociale, <strong>certaines mutuelles prennent en charge quelques s\u00e9ances<\/strong>. N\u2019h\u00e9sitez pas \u00e0 demander une facture.<\/p><\/div>\n\t\t\t\t<\/div>\n\t\t\t\t\t\t\t<div class=\"elementor-toggle-item\">\n\t\t\t\t\t<div id=\"elementor-tab-title-1352\" class=\"elementor-tab-title\" data-tab=\"2\" role=\"tab\" aria-controls=\"elementor-tab-content-1352\" aria-expanded=\"false\">\n\t\t\t\t\t\t\t\t\t\t\t\t<span class=\"elementor-toggle-icon elementor-toggle-icon-left\" aria-hidden=\"true\">\n\t\t\t\t\t\t\t\t\t\t\t\t\t\t\t<span class=\"elementor-toggle-icon-closed\"><i class=\"fas fa-caret-right\"><\/i><\/span>\n\t\t\t\t\t\t\t\t<span class=\"elementor-toggle-icon-opened\"><i class=\"elementor-toggle-icon-opened fas fa-caret-up\"><\/i><\/span>\n\t\t\t\t\t\t\t\t\t\t\t\t\t<\/span>\n\t\t\t\t\t\t\t\t\t\t\t\t<a href=\"\" class=\"elementor-toggle-title\">S\u00e9ances de groupe<\/a>\n\t\t\t\t\t<\/div>\n\n\t\t\t\t\t<div id=\"elementor-tab-content-1352\" class=\"elementor-tab-content elementor-clearfix\" data-tab=\"2\" role=\"tabpanel\" aria-labelledby=\"elementor-tab-title-1352\"><p><img class=\"wp-image-426 alignleft\" src=\"https:\/\/www.espacesophro.fr\/wp-content\/uploads\/2021\/10\/groupe-site-6-300x271.jpg\" alt=\"\" width=\"177\" height=\"160\" srcset=\"https:\/\/www.espacesophro.fr\/wp-content\/uploads\/2021\/10\/groupe-site-6-300x271.jpg 300w, https:\/\/www.espacesophro.fr\/wp-content\/uploads\/2021\/10\/groupe-site-6-66x60.jpg 66w, https:\/\/www.espacesophro.fr\/wp-content\/uploads\/2021\/10\/groupe-site-6.jpg 328w\" sizes=\"(max-width: 177px) 100vw, 177px\" \/>Nous souhaitons associer nos b\u00e9n\u00e9ficiaires au <strong>projet solidaire<\/strong> que porte notre association.\u00a0Ainsi, les <strong>tarifs<\/strong> sont <strong>diff\u00e9renci\u00e9s<\/strong> selon les situations de chacun. En venant pratiquer la sophrologie dans notre association, vous permettez \u00e0 notre structure d\u2019\u00eatre p\u00e9renne et ainsi, \u00e0 d\u2019autres personnes, ayant moins de moyens, de b\u00e9n\u00e9ficier de s\u00e9ances de sophrologie \u00e0 moindre co\u00fbt, selon <strong>notre projet associatif<\/strong>.<\/p><p><strong>Avec nous, VOUS \u00eates porteurs de cette valeur de solidarit\u00e9\u00a0!<\/strong><\/p><p><em><strong>\u00a0 \u00a0 \u00a0 \u00a0 \u00a0 \u00a0 \u00a0<span style=\"text-decoration: underline;\">Pour les s\u00e9ances de groupe (1h-1h15) :<\/span><\/strong><\/em><\/p><ul><li><em><strong><span style=\"text-decoration: underline;\">Tarifs \u00e0 la s\u00e9ance\u00a0:<\/span><\/strong><\/em><em><strong><img class=\"wp-image-402 alignright\" src=\"https:\/\/www.espacesophro.fr\/wp-content\/uploads\/2021\/10\/groupe-300x212.jpg\" alt=\"\" width=\"190\" height=\"134\" srcset=\"https:\/\/www.espacesophro.fr\/wp-content\/uploads\/2021\/10\/groupe-300x212.jpg 300w, https:\/\/www.espacesophro.fr\/wp-content\/uploads\/2021\/10\/groupe-85x60.jpg 85w, https:\/\/www.espacesophro.fr\/wp-content\/uploads\/2021\/10\/groupe.jpg 458w\" sizes=\"(max-width: 190px) 100vw, 190px\" \/><\/strong><\/em><ul><li><p><strong>15 euros la s\u00e9ance,<\/strong> tarif classique adulte,<\/p><\/li><li><p><strong>10 euros la s\u00e9ance<\/strong> (tarif solidaire) pour les personnes non-imposables, en recherche d\u2019emploi, s\u00e9niors et \u00e9tudiants, sur pr\u00e9sentation d\u2019un justificatif.<\/p><\/li><\/ul><\/li><\/ul><ul><li><em><strong><span style=\"text-decoration: underline;\">Tarifs au trimestre :<\/span><\/strong><\/em><ul><li><strong>130 euros pour un trimestre<\/strong> (11 s\u00e9ances soit 11,80 euros\/s\u00e9ance), tarif classique,<\/li><li><p><strong>100 euros pour un trimestre<\/strong> (11 s\u00e9ances soit 9 euros\/s\u00e9ance), tarif solidaire pour les personnes non-imposables, en recherche d\u2019emploi, s\u00e9niors et \u00e9tudiants, sur pr\u00e9sentation d\u2019un justificatif.<\/p><\/li><\/ul><\/li><\/ul><ul><li><em><strong><span style=\"text-decoration: underline;\">Tarifs \u00e0 l\u2019ann\u00e9e :<\/span><\/strong><\/em><ul><li><p><strong>330 euros l\u2019ann\u00e9e<\/strong> (33 s\u00e9ances soit 10 euros\/s\u00e9ance), tarif classique,<\/p><\/li><li><p><strong>265 euros l\u2019ann\u00e9e<\/strong> (33 s\u00e9ances soit 8 euros\/s\u00e9ance) tarif solidaire pour les personnes non-imposables, en recherche d\u2019emploi, s\u00e9niors et \u00e9tudiants, sur pr\u00e9sentation d\u2019un justificatif.<\/p><\/li><\/ul><\/li><\/ul><p><img class=\"size-medium wp-image-523 aligncenter\" src=\"https:\/\/www.espacesophro.fr\/wp-content\/uploads\/2022\/09\/chalk-4829602_1920-300x200.jpg\" alt=\"\" width=\"300\" height=\"200\" srcset=\"https:\/\/www.espacesophro.fr\/wp-content\/uploads\/2022\/09\/chalk-4829602_1920-300x200.jpg 300w, https:\/\/www.espacesophro.fr\/wp-content\/uploads\/2022\/09\/chalk-4829602_1920-1024x683.jpg 1024w, https:\/\/www.espacesophro.fr\/wp-content\/uploads\/2022\/09\/chalk-4829602_1920-768x512.jpg 768w, https:\/\/www.espacesophro.fr\/wp-content\/uploads\/2022\/09\/chalk-4829602_1920-1536x1024.jpg 1536w, https:\/\/www.espacesophro.fr\/wp-content\/uploads\/2022\/09\/chalk-4829602_1920-90x60.jpg 90w, https:\/\/www.espacesophro.fr\/wp-content\/uploads\/2022\/09\/chalk-4829602_1920-370x247.jpg 370w, https:\/\/www.espacesophro.fr\/wp-content\/uploads\/2022\/09\/chalk-4829602_1920-776x517.jpg 776w, https:\/\/www.espacesophro.fr\/wp-content\/uploads\/2022\/09\/chalk-4829602_1920.jpg 1920w\" sizes=\"(max-width: 300px) 100vw, 300px\" \/><\/p><p><em><strong>\u00a0 \u00a0 \u00a0 \u00a0 \u00a0 \u00a0 \u00a0 \u00a0 \u00a0 \u00a0 \u00a0 \u00a0 \u00a0 \u00a0 \u00a0<\/strong><\/em><em><strong>\u00a0 \u00a0 \u00a0 \u00a0 \u00a0 \u00a0 \u00a0 \u00a0 \u00a0 \u00a0 \u00a0 \u00a0 <span style=\"text-decoration: underline;\">C&rsquo;est la reprise<\/span> <\/strong><\/em><span style=\"text-decoration: underline;\"><em><strong>!! C&rsquo;est le moment de vous inscrire !<\/strong><\/em><\/span><\/p><p>D\u00e9coupage de l&rsquo;ann\u00e9e en 3 trimestres de 11 s\u00e9ances (hors vacances scolaires et pont de l&rsquo;Ascension):<\/p><ul><li>du 22 septembre au 15 d\u00e9cembre<\/li><li>du 5 janvier au 30 mars<\/li><li>du 6 avril au 6 juillet<\/li><\/ul><p>\u00a0<\/p><p><strong>R\u00e8glement en esp\u00e8ces ou par ch\u00e8que. <\/strong><strong>Possibilit\u00e9 de r\u00e8glement en plusieurs fois. <\/strong><\/p><p>L\u2019aspect financier ne doit pas \u00eatre un frein \u00e0 la pratique, des solutions pourront \u00eatre trouver au cas par cas.<\/p><p><span style=\"text-decoration: underline;\"><em><strong>A noter\u00a0<\/strong><\/em><\/span>: Si les s\u00e9ances de sophrologie ne sont pas rembours\u00e9es par la S\u00e9curit\u00e9 Sociale, <strong>certaines mutuelles prennent en charge quelques s\u00e9ances<\/strong>. N\u2019h\u00e9sitez pas \u00e0 demander une facture.<\/p><\/div>\n\t\t\t\t<\/div>\n\t\t\t\t\t\t\t<div class=\"elementor-toggle-item\">\n\t\t\t\t\t<div id=\"elementor-tab-title-1353\" class=\"elementor-tab-title\" data-tab=\"3\" role=\"tab\" aria-controls=\"elementor-tab-content-1353\" aria-expanded=\"false\">\n\t\t\t\t\t\t\t\t\t\t\t\t<span class=\"elementor-toggle-icon elementor-toggle-icon-left\" aria-hidden=\"true\">\n\t\t\t\t\t\t\t\t\t\t\t\t\t\t\t<span class=\"elementor-toggle-icon-closed\"><i class=\"fas fa-caret-right\"><\/i><\/span>\n\t\t\t\t\t\t\t\t<span class=\"elementor-toggle-icon-opened\"><i class=\"elementor-toggle-icon-opened fas fa-caret-up\"><\/i><\/span>\n\t\t\t\t\t\t\t\t\t\t\t\t\t<\/span>\n\t\t\t\t\t\t\t\t\t\t\t\t<a href=\"\" class=\"elementor-toggle-title\">S\u00e9ances de groupe \"A la carte !\"<\/a>\n\t\t\t\t\t<\/div>\n\n\t\t\t\t\t<div id=\"elementor-tab-content-1353\" class=\"elementor-tab-content elementor-clearfix\" data-tab=\"3\" role=\"tabpanel\" aria-labelledby=\"elementor-tab-title-1353\"><p><img class=\"wp-image-404 alignleft\" src=\"https:\/\/www.espacesophro.fr\/wp-content\/uploads\/2021\/10\/entre-proches-300x212.jpg\" alt=\"\" width=\"186\" height=\"132\" srcset=\"https:\/\/www.espacesophro.fr\/wp-content\/uploads\/2021\/10\/entre-proches-300x212.jpg 300w, https:\/\/www.espacesophro.fr\/wp-content\/uploads\/2021\/10\/entre-proches-85x60.jpg 85w, https:\/\/www.espacesophro.fr\/wp-content\/uploads\/2021\/10\/entre-proches.jpg 486w\" sizes=\"(max-width: 186px) 100vw, 186px\" \/>Formez votre propre groupe de 4 personnes, pour une s\u00e9ance entre proches.<\/p><p><em><strong><span style=\"text-decoration: underline;\">Pour les s\u00e9ances de groupe \u00e0 la carte (1h-1h15) :<\/span><\/strong><\/em><\/p><p><em><strong>\u00a0 \u00a0 \u00a0 \u00a0 \u00a0 \u00a0 \u00a0 \u00a0 \u00a0 \u00a0 \u00a0 \u00a0 <span style=\"text-decoration: underline;\">Tarifs :<\/span><\/strong><\/em><\/p><p><img class=\"wp-image-403 alignright\" src=\"https:\/\/www.espacesophro.fr\/wp-content\/uploads\/2021\/10\/entre-proches-1-234x300.jpg\" alt=\"\" width=\"140\" height=\"179\" srcset=\"https:\/\/www.espacesophro.fr\/wp-content\/uploads\/2021\/10\/entre-proches-1-234x300.jpg 234w, https:\/\/www.espacesophro.fr\/wp-content\/uploads\/2021\/10\/entre-proches-1-47x60.jpg 47w, https:\/\/www.espacesophro.fr\/wp-content\/uploads\/2021\/10\/entre-proches-1.jpg 347w\" sizes=\"(max-width: 140px) 100vw, 140px\" \/><\/p><ul><li style=\"list-style-type: none;\"><ul><li><strong>50 euros la s\u00e9ance \u00e0 4 personnes<\/strong> (12,5 euros la s\u00e9ance, par personne),<\/li><li><strong>240 euros pour 5 s\u00e9ances \u00e0 4 personnes<\/strong> (12 euros la s\u00e9ance, par personne).<\/li><\/ul><\/li><\/ul><p><strong>R\u00e8glement en esp\u00e8ces ou par ch\u00e8que. <\/strong><strong>Possibilit\u00e9 de r\u00e8glement en plusieurs fois.<\/strong><\/p><p>L\u2019aspect financier ne doit pas \u00eatre un frein \u00e0 la pratique, des solutions pourront \u00eatre trouver au cas par cas.<\/p><p><em><strong><span style=\"text-decoration: underline;\">A noter<\/span><\/strong><\/em>\u00a0: Si les s\u00e9ances de sophrologie ne sont pas rembours\u00e9es par la S\u00e9curit\u00e9 Sociale, <strong>certaines mutuelles prennent en charge quelques s\u00e9ances<\/strong>. N\u2019h\u00e9sitez pas \u00e0 demander une facture.<\/p><\/div>\n\t\t\t\t<\/div>\n\t\t\t\t\t\t\t\t<\/div>\n\t\t\t\t<\/div>\n\t\t\t\t<\/div>\n\t\t\t\t\t\t<\/div>\n\t\t\t\t\t<\/div>\n\t\t<\/div>\n\t\t\t\t\t\t\t\t<\/div>\n\t\t\t\t\t<\/div>\n\t\t<\/section>\n\t\t\t\t\t\t<\/div>\n\t\t\t\t\t\t<\/div>\n\t\t\t\t\t<\/div>\n\t\t","protected":false},"excerpt":{"rendered":"<p>Suivi individuel Nous souhaitons associer nos b\u00e9n\u00e9ficiaires au projet solidaire que porte notre association.&nbsp;Ainsi, les tarifs sont diff\u00e9renci\u00e9s selon les situations de chacun. En venant pratiquer la sophrologie dans notre &hellip; <\/p>\n","protected":false},"author":3,"featured_media":489,"parent":0,"menu_order":0,"comment_status":"closed","ping_status":"closed","template":"","meta":[],"yoast_head":"<!-- This site is optimized with the Yoast SEO plugin v17.0 - https:\/\/yoast.com\/wordpress\/plugins\/seo\/ -->\n<title>Tarifs pour les particuliers - Espace Sophrologie<\/title>\n<meta name=\"robots\" content=\"index, follow, max-snippet:-1, max-image-preview:large, max-video-preview:-1\" \/>\n<link rel=\"canonical\" href=\"https:\/\/www.espacesophro.fr\/index.php\/tarifs-particuliers\/\" \/>\n<meta property=\"og:locale\" content=\"fr_FR\" \/>\n<meta property=\"og:type\" content=\"article\" \/>\n<meta property=\"og:title\" content=\"Tarifs pour les particuliers - Espace Sophrologie\" \/>\n<meta property=\"og:description\" content=\"Suivi individuel Nous souhaitons associer nos b\u00e9n\u00e9ficiaires au projet solidaire que porte notre association.&nbsp;Ainsi, les tarifs sont diff\u00e9renci\u00e9s selon les situations de chacun. En venant pratiquer la sophrologie dans notre &hellip;\" \/>\n<meta property=\"og:url\" content=\"https:\/\/www.espacesophro.fr\/index.php\/tarifs-particuliers\/\" \/>\n<meta property=\"og:site_name\" content=\"Espace Sophrologie\" \/>\n<meta property=\"article:modified_time\" content=\"2022-09-12T17:26:51+00:00\" \/>\n<meta property=\"og:image\" content=\"https:\/\/www.espacesophro.fr\/wp-content\/uploads\/2021\/10\/sunset-1373171_1920.jpg\" \/>\n\t<meta property=\"og:image:width\" content=\"1920\" \/>\n\t<meta property=\"og:image:height\" content=\"1079\" \/>\n<meta name=\"twitter:card\" content=\"summary_large_image\" \/>\n<meta name=\"twitter:label1\" content=\"Dur\u00e9e de lecture est.\" \/>\n\t<meta name=\"twitter:data1\" content=\"5 minutes\" \/>\n<script type=\"application\/ld+json\" class=\"yoast-schema-graph\">{\"@context\":\"https:\/\/schema.org\",\"@graph\":[{\"@type\":\"WebSite\",\"@id\":\"https:\/\/www.espacesophro.fr\/#website\",\"url\":\"https:\/\/www.espacesophro.fr\/\",\"name\":\"Espace Sophrologie\",\"description\":\"Association solidaire de pratiques et d&#039;ateliers de sophrologie\",\"potentialAction\":[{\"@type\":\"SearchAction\",\"target\":{\"@type\":\"EntryPoint\",\"urlTemplate\":\"https:\/\/www.espacesophro.fr\/?s={search_term_string}\"},\"query-input\":\"required name=search_term_string\"}],\"inLanguage\":\"fr-FR\"},{\"@type\":\"ImageObject\",\"@id\":\"https:\/\/www.espacesophro.fr\/index.php\/tarifs-particuliers\/#primaryimage\",\"inLanguage\":\"fr-FR\",\"url\":\"https:\/\/www.espacesophro.fr\/wp-content\/uploads\/2021\/10\/sunset-1373171_1920.jpg\",\"contentUrl\":\"https:\/\/www.espacesophro.fr\/wp-content\/uploads\/2021\/10\/sunset-1373171_1920.jpg\",\"width\":1920,\"height\":1079},{\"@type\":\"WebPage\",\"@id\":\"https:\/\/www.espacesophro.fr\/index.php\/tarifs-particuliers\/#webpage\",\"url\":\"https:\/\/www.espacesophro.fr\/index.php\/tarifs-particuliers\/\",\"name\":\"Tarifs pour les particuliers - Espace Sophrologie\",\"isPartOf\":{\"@id\":\"https:\/\/www.espacesophro.fr\/#website\"},\"primaryImageOfPage\":{\"@id\":\"https:\/\/www.espacesophro.fr\/index.php\/tarifs-particuliers\/#primaryimage\"},\"datePublished\":\"2021-09-26T14:37:41+00:00\",\"dateModified\":\"2022-09-12T17:26:51+00:00\",\"breadcrumb\":{\"@id\":\"https:\/\/www.espacesophro.fr\/index.php\/tarifs-particuliers\/#breadcrumb\"},\"inLanguage\":\"fr-FR\",\"potentialAction\":[{\"@type\":\"ReadAction\",\"target\":[\"https:\/\/www.espacesophro.fr\/index.php\/tarifs-particuliers\/\"]}]},{\"@type\":\"BreadcrumbList\",\"@id\":\"https:\/\/www.espacesophro.fr\/index.php\/tarifs-particuliers\/#breadcrumb\",\"itemListElement\":[{\"@type\":\"ListItem\",\"position\":1,\"name\":\"Accueil\",\"item\":\"https:\/\/www.espacesophro.fr\/\"},{\"@type\":\"ListItem\",\"position\":2,\"name\":\"Tarifs pour les particuliers\"}]}]}<\/script>\n<!-- \/ Yoast SEO plugin. -->","yoast_head_json":{"title":"Tarifs pour les particuliers - Espace Sophrologie","robots":{"index":"index","follow":"follow","max-snippet":"max-snippet:-1","max-image-preview":"max-image-preview:large","max-video-preview":"max-video-preview:-1"},"canonical":"https:\/\/www.espacesophro.fr\/index.php\/tarifs-particuliers\/","og_locale":"fr_FR","og_type":"article","og_title":"Tarifs pour les particuliers - Espace Sophrologie","og_description":"Suivi individuel Nous souhaitons associer nos b\u00e9n\u00e9ficiaires au projet solidaire que porte notre association.&nbsp;Ainsi, les tarifs sont diff\u00e9renci\u00e9s selon les situations de chacun. En venant pratiquer la sophrologie dans notre &hellip;","og_url":"https:\/\/www.espacesophro.fr\/index.php\/tarifs-particuliers\/","og_site_name":"Espace Sophrologie","article_modified_time":"2022-09-12T17:26:51+00:00","og_image":[{"width":1920,"height":1079,"url":"https:\/\/www.espacesophro.fr\/wp-content\/uploads\/2021\/10\/sunset-1373171_1920.jpg","path":"\/home\/kheryscohf\/espacesophro\/wp-content\/uploads\/2021\/10\/sunset-1373171_1920.jpg","size":"full","id":489,"alt":"","pixels":2071680,"type":"image\/jpeg"}],"twitter_card":"summary_large_image","twitter_misc":{"Dur\u00e9e de lecture est.":"5 minutes"},"schema":{"@context":"https:\/\/schema.org","@graph":[{"@type":"WebSite","@id":"https:\/\/www.espacesophro.fr\/#website","url":"https:\/\/www.espacesophro.fr\/","name":"Espace Sophrologie","description":"Association solidaire de pratiques et d&#039;ateliers de sophrologie","potentialAction":[{"@type":"SearchAction","target":{"@type":"EntryPoint","urlTemplate":"https:\/\/www.espacesophro.fr\/?s={search_term_string}"},"query-input":"required name=search_term_string"}],"inLanguage":"fr-FR"},{"@type":"ImageObject","@id":"https:\/\/www.espacesophro.fr\/index.php\/tarifs-particuliers\/#primaryimage","inLanguage":"fr-FR","url":"https:\/\/www.espacesophro.fr\/wp-content\/uploads\/2021\/10\/sunset-1373171_1920.jpg","contentUrl":"https:\/\/www.espacesophro.fr\/wp-content\/uploads\/2021\/10\/sunset-1373171_1920.jpg","width":1920,"height":1079},{"@type":"WebPage","@id":"https:\/\/www.espacesophro.fr\/index.php\/tarifs-particuliers\/#webpage","url":"https:\/\/www.espacesophro.fr\/index.php\/tarifs-particuliers\/","name":"Tarifs pour les particuliers - Espace Sophrologie","isPartOf":{"@id":"https:\/\/www.espacesophro.fr\/#website"},"primaryImageOfPage":{"@id":"https:\/\/www.espacesophro.fr\/index.php\/tarifs-particuliers\/#primaryimage"},"datePublished":"2021-09-26T14:37:41+00:00","dateModified":"2022-09-12T17:26:51+00:00","breadcrumb":{"@id":"https:\/\/www.espacesophro.fr\/index.php\/tarifs-particuliers\/#breadcrumb"},"inLanguage":"fr-FR","potentialAction":[{"@type":"ReadAction","target":["https:\/\/www.espacesophro.fr\/index.php\/tarifs-particuliers\/"]}]},{"@type":"BreadcrumbList","@id":"https:\/\/www.espacesophro.fr\/index.php\/tarifs-particuliers\/#breadcrumb","itemListElement":[{"@type":"ListItem","position":1,"name":"Accueil","item":"https:\/\/www.espacesophro.fr\/"},{"@type":"ListItem","position":2,"name":"Tarifs pour les particuliers"}]}]}},"_links":{"self":[{"href":"https:\/\/www.espacesophro.fr\/index.php\/wp-json\/wp\/v2\/pages\/262"}],"collection":[{"href":"https:\/\/www.espacesophro.fr\/index.php\/wp-json\/wp\/v2\/pages"}],"about":[{"href":"https:\/\/www.espacesophro.fr\/index.php\/wp-json\/wp\/v2\/types\/page"}],"author":[{"embeddable":true,"href":"https:\/\/www.espacesophro.fr\/index.php\/wp-json\/wp\/v2\/users\/3"}],"replies":[{"embeddable":true,"href":"https:\/\/www.espacesophro.fr\/index.php\/wp-json\/wp\/v2\/comments?post=262"}],"version-history":[{"count":65,"href":"https:\/\/www.espacesophro.fr\/index.php\/wp-json\/wp\/v2\/pages\/262\/revisions"}],"predecessor-version":[{"id":528,"href":"https:\/\/www.espacesophro.fr\/index.php\/wp-json\/wp\/v2\/pages\/262\/revisions\/528"}],"wp:featuredmedia":[{"embeddable":true,"href":"https:\/\/www.espacesophro.fr\/index.php\/wp-json\/wp\/v2\/media\/489"}],"wp:attachment":[{"href":"https:\/\/www.espacesophro.fr\/index.php\/wp-json\/wp\/v2\/media?parent=262"}],"curies":[{"name":"wp","href":"https:\/\/api.w.org\/{rel}","templated":true}]}}