{"id":264,"date":"2021-09-26T16:38:20","date_gmt":"2021-09-26T14:38:20","guid":{"rendered":"https:\/\/www.espacesophro.fr\/?page_id=264"},"modified":"2021-10-16T16:18:03","modified_gmt":"2021-10-16T14:18:03","slug":"tarifs-structures","status":"publish","type":"page","link":"https:\/\/www.espacesophro.fr\/index.php\/tarifs-structures\/","title":{"rendered":"Tarifs pour les structures"},"content":{"rendered":"\t\t<div data-elementor-type=\"wp-page\" data-elementor-id=\"264\" class=\"elementor elementor-264\" data-elementor-settings=\"[]\">\n\t\t\t\t\t\t<div class=\"elementor-inner\">\n\t\t\t\t\t\t\t<div class=\"elementor-section-wrap\">\n\t\t\t\t\t\t\t<section class=\"elementor-section elementor-top-section elementor-element elementor-element-e279c20 elementor-section-boxed elementor-section-height-default elementor-section-height-default\" data-id=\"e279c20\" data-element_type=\"section\">\n\t\t\t\t\t\t<div class=\"elementor-container elementor-column-gap-default\">\n\t\t\t\t\t\t\t<div class=\"elementor-row\">\n\t\t\t\t\t<div class=\"elementor-column elementor-col-100 elementor-top-column elementor-element elementor-element-5719970\" data-id=\"5719970\" data-element_type=\"column\">\n\t\t\t<div class=\"elementor-column-wrap elementor-element-populated\">\n\t\t\t\t\t\t\t<div class=\"elementor-widget-wrap\">\n\t\t\t\t\t\t<div class=\"elementor-element elementor-element-e4d27ca elementor-widget elementor-widget-text-editor\" data-id=\"e4d27ca\" data-element_type=\"widget\" data-widget_type=\"text-editor.default\">\n\t\t\t\t<div class=\"elementor-widget-container\">\n\t\t\t\t\t\t\t\t<div class=\"elementor-text-editor elementor-clearfix\">\n\t\t\t\t<p><img class=\"wp-image-400 alignleft\" src=\"https:\/\/www.espacesophro.fr\/wp-content\/uploads\/2021\/10\/groupe-4-300x212.jpg\" alt=\"\" width=\"196\" height=\"138\" srcset=\"https:\/\/www.espacesophro.fr\/wp-content\/uploads\/2021\/10\/groupe-4-300x212.jpg 300w, https:\/\/www.espacesophro.fr\/wp-content\/uploads\/2021\/10\/groupe-4-85x60.jpg 85w, https:\/\/www.espacesophro.fr\/wp-content\/uploads\/2021\/10\/groupe-4.jpg 446w\" sizes=\"(max-width: 196px) 100vw, 196px\" \/>En choisissant de devenir <strong>partenaire<\/strong> de notre association pour le <strong>bien-\u00eatre de vos usagers, de vos b\u00e9n\u00e9ficiaires ou de vos collaborateurs<\/strong>, vous permettez en m\u00eame temps \u00e0 notre structure d\u2019\u00eatre p\u00e9renne et contribuez ainsi \u00e0 la r\u00e9alisation d\u2019un <strong>projet positif et valorisant<\/strong>.\u00a0<\/p><p><strong>Avec nous, VOUS \u00eates porteurs de cette valeur de solidarit\u00e9\u00a0!<\/strong><\/p><p>Interventions en structures sur Tourcoing et ses environs (Centres sociaux, MJC, entreprises, collectivit\u00e9s, \u00e9tablissements de sant\u00e9, associations, etc.)\u00a0:<\/p><p><strong><em>\u00a0 \u00a0 \u00a0 \u00a0 \u00a0 \u00a0 \u00a0 \u00a0 \u00a0 \u00a0<u>Tarifs sur devis, selon le projet de la structure.<\/u><\/em><\/strong><\/p>\t\t\t\t\t<\/div>\n\t\t\t\t\t\t<\/div>\n\t\t\t\t<\/div>\n\t\t\t\t\t\t<\/div>\n\t\t\t\t\t<\/div>\n\t\t<\/div>\n\t\t\t\t\t\t\t\t<\/div>\n\t\t\t\t\t<\/div>\n\t\t<\/section>\n\t\t\t\t\t\t<\/div>\n\t\t\t\t\t\t<\/div>\n\t\t\t\t\t<\/div>\n\t\t","protected":false},"excerpt":{"rendered":"<p>En choisissant de devenir partenaire de notre association pour le bien-\u00eatre de vos usagers, de vos b\u00e9n\u00e9ficiaires ou de vos collaborateurs, vous permettez en m\u00eame temps \u00e0 notre structure d\u2019\u00eatre &hellip; <\/p>\n","protected":false},"author":3,"featured_media":489,"parent":0,"menu_order":0,"comment_status":"closed","ping_status":"closed","template":"","meta":[],"yoast_head":"<!-- This site is optimized with the Yoast SEO plugin v17.0 - https:\/\/yoast.com\/wordpress\/plugins\/seo\/ -->\n<title>Tarifs pour les structures - Espace Sophrologie<\/title>\n<meta name=\"robots\" content=\"index, follow, max-snippet:-1, max-image-preview:large, max-video-preview:-1\" \/>\n<link rel=\"canonical\" href=\"https:\/\/www.espacesophro.fr\/index.php\/tarifs-structures\/\" \/>\n<meta property=\"og:locale\" content=\"fr_FR\" \/>\n<meta property=\"og:type\" content=\"article\" \/>\n<meta property=\"og:title\" content=\"Tarifs pour les structures - Espace Sophrologie\" \/>\n<meta property=\"og:description\" content=\"En choisissant de devenir partenaire de notre association pour le bien-\u00eatre de vos usagers, de vos b\u00e9n\u00e9ficiaires ou de vos collaborateurs, vous permettez en m\u00eame temps \u00e0 notre structure d\u2019\u00eatre &hellip;\" \/>\n<meta property=\"og:url\" content=\"https:\/\/www.espacesophro.fr\/index.php\/tarifs-structures\/\" \/>\n<meta property=\"og:site_name\" content=\"Espace Sophrologie\" \/>\n<meta property=\"article:modified_time\" content=\"2021-10-16T14:18:03+00:00\" \/>\n<meta property=\"og:image\" content=\"https:\/\/www.espacesophro.fr\/wp-content\/uploads\/2021\/10\/sunset-1373171_1920.jpg\" \/>\n\t<meta property=\"og:image:width\" content=\"1920\" \/>\n\t<meta property=\"og:image:height\" content=\"1079\" \/>\n<meta name=\"twitter:card\" content=\"summary_large_image\" \/>\n<meta name=\"twitter:label1\" content=\"Dur\u00e9e de lecture est.\" \/>\n\t<meta name=\"twitter:data1\" content=\"1 minute\" \/>\n<script type=\"application\/ld+json\" class=\"yoast-schema-graph\">{\"@context\":\"https:\/\/schema.org\",\"@graph\":[{\"@type\":\"WebSite\",\"@id\":\"https:\/\/www.espacesophro.fr\/#website\",\"url\":\"https:\/\/www.espacesophro.fr\/\",\"name\":\"Espace Sophrologie\",\"description\":\"Association solidaire de pratiques et d&#039;ateliers de sophrologie\",\"potentialAction\":[{\"@type\":\"SearchAction\",\"target\":{\"@type\":\"EntryPoint\",\"urlTemplate\":\"https:\/\/www.espacesophro.fr\/?s={search_term_string}\"},\"query-input\":\"required name=search_term_string\"}],\"inLanguage\":\"fr-FR\"},{\"@type\":\"ImageObject\",\"@id\":\"https:\/\/www.espacesophro.fr\/index.php\/tarifs-structures\/#primaryimage\",\"inLanguage\":\"fr-FR\",\"url\":\"https:\/\/www.espacesophro.fr\/wp-content\/uploads\/2021\/10\/sunset-1373171_1920.jpg\",\"contentUrl\":\"https:\/\/www.espacesophro.fr\/wp-content\/uploads\/2021\/10\/sunset-1373171_1920.jpg\",\"width\":1920,\"height\":1079},{\"@type\":\"WebPage\",\"@id\":\"https:\/\/www.espacesophro.fr\/index.php\/tarifs-structures\/#webpage\",\"url\":\"https:\/\/www.espacesophro.fr\/index.php\/tarifs-structures\/\",\"name\":\"Tarifs pour les structures - Espace Sophrologie\",\"isPartOf\":{\"@id\":\"https:\/\/www.espacesophro.fr\/#website\"},\"primaryImageOfPage\":{\"@id\":\"https:\/\/www.espacesophro.fr\/index.php\/tarifs-structures\/#primaryimage\"},\"datePublished\":\"2021-09-26T14:38:20+00:00\",\"dateModified\":\"2021-10-16T14:18:03+00:00\",\"breadcrumb\":{\"@id\":\"https:\/\/www.espacesophro.fr\/index.php\/tarifs-structures\/#breadcrumb\"},\"inLanguage\":\"fr-FR\",\"potentialAction\":[{\"@type\":\"ReadAction\",\"target\":[\"https:\/\/www.espacesophro.fr\/index.php\/tarifs-structures\/\"]}]},{\"@type\":\"BreadcrumbList\",\"@id\":\"https:\/\/www.espacesophro.fr\/index.php\/tarifs-structures\/#breadcrumb\",\"itemListElement\":[{\"@type\":\"ListItem\",\"position\":1,\"name\":\"Accueil\",\"item\":\"https:\/\/www.espacesophro.fr\/\"},{\"@type\":\"ListItem\",\"position\":2,\"name\":\"Tarifs pour les structures\"}]}]}<\/script>\n<!-- \/ Yoast SEO plugin. -->","yoast_head_json":{"title":"Tarifs pour les structures - Espace Sophrologie","robots":{"index":"index","follow":"follow","max-snippet":"max-snippet:-1","max-image-preview":"max-image-preview:large","max-video-preview":"max-video-preview:-1"},"canonical":"https:\/\/www.espacesophro.fr\/index.php\/tarifs-structures\/","og_locale":"fr_FR","og_type":"article","og_title":"Tarifs pour les structures - Espace Sophrologie","og_description":"En choisissant de devenir partenaire de notre association pour le bien-\u00eatre de vos usagers, de vos b\u00e9n\u00e9ficiaires ou de vos collaborateurs, vous permettez en m\u00eame temps \u00e0 notre structure d\u2019\u00eatre &hellip;","og_url":"https:\/\/www.espacesophro.fr\/index.php\/tarifs-structures\/","og_site_name":"Espace Sophrologie","article_modified_time":"2021-10-16T14:18:03+00:00","og_image":[{"width":1920,"height":1079,"url":"https:\/\/www.espacesophro.fr\/wp-content\/uploads\/2021\/10\/sunset-1373171_1920.jpg","path":"\/home\/kheryscohf\/espacesophro\/wp-content\/uploads\/2021\/10\/sunset-1373171_1920.jpg","size":"full","id":489,"alt":"","pixels":2071680,"type":"image\/jpeg"}],"twitter_card":"summary_large_image","twitter_misc":{"Dur\u00e9e de lecture est.":"1 minute"},"schema":{"@context":"https:\/\/schema.org","@graph":[{"@type":"WebSite","@id":"https:\/\/www.espacesophro.fr\/#website","url":"https:\/\/www.espacesophro.fr\/","name":"Espace Sophrologie","description":"Association solidaire de pratiques et d&#039;ateliers de sophrologie","potentialAction":[{"@type":"SearchAction","target":{"@type":"EntryPoint","urlTemplate":"https:\/\/www.espacesophro.fr\/?s={search_term_string}"},"query-input":"required name=search_term_string"}],"inLanguage":"fr-FR"},{"@type":"ImageObject","@id":"https:\/\/www.espacesophro.fr\/index.php\/tarifs-structures\/#primaryimage","inLanguage":"fr-FR","url":"https:\/\/www.espacesophro.fr\/wp-content\/uploads\/2021\/10\/sunset-1373171_1920.jpg","contentUrl":"https:\/\/www.espacesophro.fr\/wp-content\/uploads\/2021\/10\/sunset-1373171_1920.jpg","width":1920,"height":1079},{"@type":"WebPage","@id":"https:\/\/www.espacesophro.fr\/index.php\/tarifs-structures\/#webpage","url":"https:\/\/www.espacesophro.fr\/index.php\/tarifs-structures\/","name":"Tarifs pour les structures - Espace Sophrologie","isPartOf":{"@id":"https:\/\/www.espacesophro.fr\/#website"},"primaryImageOfPage":{"@id":"https:\/\/www.espacesophro.fr\/index.php\/tarifs-structures\/#primaryimage"},"datePublished":"2021-09-26T14:38:20+00:00","dateModified":"2021-10-16T14:18:03+00:00","breadcrumb":{"@id":"https:\/\/www.espacesophro.fr\/index.php\/tarifs-structures\/#breadcrumb"},"inLanguage":"fr-FR","potentialAction":[{"@type":"ReadAction","target":["https:\/\/www.espacesophro.fr\/index.php\/tarifs-structures\/"]}]},{"@type":"BreadcrumbList","@id":"https:\/\/www.espacesophro.fr\/index.php\/tarifs-structures\/#breadcrumb","itemListElement":[{"@type":"ListItem","position":1,"name":"Accueil","item":"https:\/\/www.espacesophro.fr\/"},{"@type":"ListItem","position":2,"name":"Tarifs pour les structures"}]}]}},"_links":{"self":[{"href":"https:\/\/www.espacesophro.fr\/index.php\/wp-json\/wp\/v2\/pages\/264"}],"collection":[{"href":"https:\/\/www.espacesophro.fr\/index.php\/wp-json\/wp\/v2\/pages"}],"about":[{"href":"https:\/\/www.espacesophro.fr\/index.php\/wp-json\/wp\/v2\/types\/page"}],"author":[{"embeddable":true,"href":"https:\/\/www.espacesophro.fr\/index.php\/wp-json\/wp\/v2\/users\/3"}],"replies":[{"embeddable":true,"href":"https:\/\/www.espacesophro.fr\/index.php\/wp-json\/wp\/v2\/comments?post=264"}],"version-history":[{"count":9,"href":"https:\/\/www.espacesophro.fr\/index.php\/wp-json\/wp\/v2\/pages\/264\/revisions"}],"predecessor-version":[{"id":450,"href":"https:\/\/www.espacesophro.fr\/index.php\/wp-json\/wp\/v2\/pages\/264\/revisions\/450"}],"wp:featuredmedia":[{"embeddable":true,"href":"https:\/\/www.espacesophro.fr\/index.php\/wp-json\/wp\/v2\/media\/489"}],"wp:attachment":[{"href":"https:\/\/www.espacesophro.fr\/index.php\/wp-json\/wp\/v2\/media?parent=264"}],"curies":[{"name":"wp","href":"https:\/\/api.w.org\/{rel}","templated":true}]}}