{"id":73,"date":"2020-09-29T10:46:43","date_gmt":"2020-09-29T08:46:43","guid":{"rendered":"https:\/\/www.espacesophro.fr\/?page_id=73"},"modified":"2021-10-16T16:43:05","modified_gmt":"2021-10-16T14:43:05","slug":"qui-sommes-nous","status":"publish","type":"page","link":"https:\/\/www.espacesophro.fr\/index.php\/qui-sommes-nous\/","title":{"rendered":"Qui sommes-nous ?"},"content":{"rendered":"\t\t<div data-elementor-type=\"wp-page\" data-elementor-id=\"73\" class=\"elementor elementor-73\" data-elementor-settings=\"[]\">\n\t\t\t\t\t\t<div class=\"elementor-inner\">\n\t\t\t\t\t\t\t<div class=\"elementor-section-wrap\">\n\t\t\t\t\t\t\t<section class=\"elementor-section elementor-top-section elementor-element elementor-element-12b44a9e elementor-section-boxed elementor-section-height-default elementor-section-height-default\" data-id=\"12b44a9e\" data-element_type=\"section\">\n\t\t\t\t\t\t<div class=\"elementor-container elementor-column-gap-default\">\n\t\t\t\t\t\t\t<div class=\"elementor-row\">\n\t\t\t\t\t<div class=\"elementor-column elementor-col-100 elementor-top-column elementor-element elementor-element-62255249\" data-id=\"62255249\" data-element_type=\"column\">\n\t\t\t<div class=\"elementor-column-wrap elementor-element-populated\">\n\t\t\t\t\t\t\t<div class=\"elementor-widget-wrap\">\n\t\t\t\t\t\t<div class=\"elementor-element elementor-element-3bfdae1a elementor-widget elementor-widget-text-editor\" data-id=\"3bfdae1a\" data-element_type=\"widget\" data-widget_type=\"text-editor.default\">\n\t\t\t\t<div class=\"elementor-widget-container\">\n\t\t\t\t\t\t\t\t<div class=\"elementor-text-editor elementor-clearfix\">\n\t\t\t\t<!-- wp:paragraph {\"fontSize\":\"medium\"} -->\n<p class=\"has-medium-font-size\"><strong><u>Notre projet associatif<\/u><\/strong>&#8230;<\/p>\n<!-- \/wp:paragraph -->\n\n<!-- wp:columns -->\n<div class=\"wp-block-columns\"><!-- wp:column -->\n<div class=\"wp-block-column\"><!-- wp:paragraph -->\n<p>La sophrologie est une m\u00e9thode dont le projet vise <strong>une vie,<\/strong> personnelle et\/ou professionnelle, <strong>plus harmonieuse, plus \u00e9quilibr\u00e9e. <\/strong>Elle peut donc avoir du sens et une <strong>utilit\u00e9 pour chacun<\/strong> mais reste trop <strong>souvent inaccessible financi\u00e8rement<\/strong>.<\/p>\n<!-- \/wp:paragraph --><\/div>\n<!-- \/wp:column --><\/div>\n<!-- \/wp:columns -->\n\n<!-- wp:columns -->\n<div class=\"wp-block-columns\"><!-- wp:column {\"width\":\"66.66%\"} -->\n<div class=\"wp-block-column\" style=\"flex-basis: 66.66%;\"><!-- wp:paragraph -->\n<p>Notre association \u00ab\u00a0Espace Sophrologie\u00a0\u00bb a pour objectif de proposer des <strong>s\u00e9ances de sophrologie \u00e0 moindre co\u00fbt avec des tarifs adapt\u00e9s<\/strong> \u00e0 <strong>toute personne<\/strong>, \u00e0 <strong>toute structure<\/strong> qui souhaitent engager une d\u00e9marche vers un mieux-\u00eatre.<\/p>\n<!-- \/wp:paragraph -->\n\n<!-- wp:paragraph -->\n<p>Association qui se veut d\u2019int\u00e9r\u00eat g\u00e9n\u00e9ral, \u00ab\u00a0Espace Sophrologie\u00a0\u00bb est \u00e0 but non-lucratif et s\u2019appuie donc sur les valeurs qu\u2019elle-m\u00eame souhaite porter\u00a0: la <strong>solidarit\u00e9<\/strong> et l\u2019<strong>entraide<\/strong>.<\/p>\n<!-- \/wp:paragraph --><\/div>\n<!-- \/wp:column -->\n\n<!-- wp:column {\"width\":\"33.33%\"} -->\n<div class=\"wp-block-column\" style=\"flex-basis: 33.33%;\"><!-- wp:image {\"id\":181,\"sizeSlug\":\"large\",\"linkDestination\":\"none\"} -->\n<figure class=\"wp-block-image size-large\"><img width=\"1024\" height=\"575\" class=\"wp-image-181\" src=\"https:\/\/www.espacesophro.fr\/wp-content\/uploads\/2021\/09\/nature-3112448_1920-1024x575.jpg\" alt=\"\" srcset=\"https:\/\/www.espacesophro.fr\/wp-content\/uploads\/2021\/09\/nature-3112448_1920-1024x575.jpg 1024w, https:\/\/www.espacesophro.fr\/wp-content\/uploads\/2021\/09\/nature-3112448_1920-300x169.jpg 300w, https:\/\/www.espacesophro.fr\/wp-content\/uploads\/2021\/09\/nature-3112448_1920-768x432.jpg 768w, https:\/\/www.espacesophro.fr\/wp-content\/uploads\/2021\/09\/nature-3112448_1920-1536x863.jpg 1536w, https:\/\/www.espacesophro.fr\/wp-content\/uploads\/2021\/09\/nature-3112448_1920-107x60.jpg 107w, https:\/\/www.espacesophro.fr\/wp-content\/uploads\/2021\/09\/nature-3112448_1920.jpg 1920w\" sizes=\"(max-width: 1024px) 100vw, 1024px\" \/><\/figure>\n<!-- \/wp:image --><\/div>\n<!-- \/wp:column --><\/div>\n<!-- \/wp:columns -->\n\n<!-- wp:paragraph -->\n<p><strong>Son existence est ainsi rendue possible par le d\u00e9vouement de ses membres, par la contribution de ses b\u00e9n\u00e9ficiaires et par le soutien et l\u2019engagement \u00e0 nos c\u00f4t\u00e9s des partenaires associatifs, publics et priv\u00e9s.<\/strong><\/p>\n<!-- \/wp:paragraph -->\n\n<!-- wp:paragraph -->\n<p>&nbsp;<\/p>\n<!-- \/wp:paragraph -->\n\n<!-- wp:paragraph {\"fontSize\":\"medium\"} -->\n<p class=\"has-medium-font-size\"><strong><u>L\u2019\u00e9quipe\u2026<\/u><\/strong><\/p>\n<!-- \/wp:paragraph -->\n\n<!-- wp:paragraph -->\n<p>&nbsp;<\/p>\n<!-- \/wp:paragraph -->\n\n<!-- wp:list -->\n<ul>\n<li><em><strong>La Pr\u00e9sidente et Secr\u00e9taire\u00a0:<\/strong><\/em><\/li>\n<\/ul>\n<!-- \/wp:list -->\n\n<!-- wp:paragraph -->\n<p>L&rsquo;association \u00ab\u00a0Espace Sophrologie\u00a0\u00bb est pr\u00e9sid\u00e9e par <strong>Marie-Jean Lenoir<\/strong>, retrait\u00e9e, ancienne pr\u00e9sidente d&rsquo;une association humanitaire pendant 10 ans. Disponible, elle s&rsquo;assure de la <strong>bonne organisation<\/strong> et se charge aussi du r\u00f4le de secr\u00e9taire\u00a0dans les <strong>d\u00e9marches administratives et relationnelles.<\/strong><\/p>\n<!-- \/wp:paragraph -->\n\n<!-- wp:list -->\n<ul>\n<li><strong><em>Le Tr\u00e9sorier\u00a0:<\/em><\/strong><\/li>\n<\/ul>\n<!-- \/wp:list -->\n\n<!-- wp:paragraph -->\n<p><strong> Fr\u00e9d\u00e9ric Bouillon<\/strong>, par son r\u00f4le de tr\u00e9sorier, assure la <strong>bonne gestion<\/strong> de l&rsquo;association. G\u00e9rant\u00a0d&rsquo;une PME depuis 7 ans, il se charge de la bonne tenue des <strong>comptes<\/strong>, du respect des diff\u00e9rentes d\u00e9clarations, du suivi des dons et subventions et de la <strong>r\u00e9daction du rapport financier<\/strong>.<\/p>\n<!-- \/wp:paragraph -->\n\n<!-- wp:list -->\n<ul>\n<li><strong><em>Nos intervenants, des professionnels b\u00e9n\u00e9voles\u00a0:<\/em><\/strong><\/li>\n<\/ul>\n<!-- \/wp:list -->\n\n<!-- wp:paragraph -->\n<p>Notre association \u00ab\u00a0Espace Sophrologie\u00a0\u00bb porte une grande attention \u00e0 la <strong>qualit\u00e9 de ses prestations<\/strong>. Nos formations et sp\u00e9cialisations sont effectu\u00e9es au sein de l\u2019<strong>Institut de Sophrologie Humaniste (ISH) de Lille<\/strong> qui appartient au r\u00e9seau de la <strong>F\u00e9d\u00e9ration des Ecoles Professionnelles en Sophrologie (FEPS)<\/strong>.<\/p>\n<!-- \/wp:paragraph -->\n\n<!-- wp:columns -->\n<div class=\"wp-block-columns\"><!-- wp:column {\"width\":\"33.33%\"} -->\n<div class=\"wp-block-column\" style=\"flex-basis: 33.33%;\"><!-- wp:image {\"align\":\"center\",\"id\":277,\"width\":122,\"height\":116,\"sizeSlug\":\"full\",\"linkDestination\":\"none\"} -->\n<div class=\"wp-block-image\">\n<figure class=\"aligncenter size-full is-resized\"><img class=\"wp-image-277\" src=\"https:\/\/www.espacesophro.fr\/wp-content\/uploads\/2021\/10\/feps-logo.png\" alt=\"\" width=\"122\" height=\"116\" srcset=\"https:\/\/www.espacesophro.fr\/wp-content\/uploads\/2021\/10\/feps-logo.png 162w, https:\/\/www.espacesophro.fr\/wp-content\/uploads\/2021\/10\/feps-logo-63x60.png 63w\" sizes=\"(max-width: 122px) 100vw, 122px\" \/><\/figure>\n<\/div>\n<!-- \/wp:image --><\/div>\n<!-- \/wp:column -->\n\n<!-- wp:column {\"width\":\"66.66%\"} -->\n<div class=\"wp-block-column\" style=\"flex-basis: 66.66%;\"><!-- wp:paragraph -->\n<p>Nos formations et sp\u00e9cialisations sont effectu\u00e9es au sein de l\u2019<strong>Institut de Sophrologie Humaniste (ISH) de Lille<\/strong> qui appartient au r\u00e9seau de la <strong>F\u00e9d\u00e9ration des Ecoles Professionnelles en Sophrologie (FEPS)<\/strong>.<\/p>\n<!-- \/wp:paragraph -->\n\n<!-- wp:paragraph -->\n<p>Nos sophrologues sont <strong>certifi\u00e9s par la FEPS<\/strong> dont le titre est inscrit au <strong>RNCP (R\u00e9pertoire National de la Certification professionnelle) reconnu de niveau III<\/strong>.<\/p>\n<!-- \/wp:paragraph --><\/div>\n<!-- \/wp:column --><\/div>\n<!-- \/wp:columns -->\n\n<!-- wp:columns -->\n<div class=\"wp-block-columns\"><!-- wp:column {\"width\":\"66.66%\"} -->\n<div class=\"wp-block-column\" style=\"flex-basis: 66.66%;\"><!-- wp:paragraph -->\n<p>L\u2019Institut de Sophrologie Humaniste (ISH) de Lille se d\u00e9marque par son <strong>Approche Centr\u00e9e sur la Personne (APC)<\/strong>, dans la lign\u00e9e de Carl Rogers.<\/p>\n<!-- \/wp:paragraph --><\/div>\n<!-- \/wp:column -->\n\n<!-- wp:column {\"width\":\"33.33%\"} -->\n<div class=\"wp-block-column\" style=\"flex-basis: 33.33%;\"><!-- wp:image {\"align\":\"center\",\"id\":279,\"sizeSlug\":\"full\",\"linkDestination\":\"none\"} -->\n<div class=\"wp-block-image\">\n<figure class=\"aligncenter size-full\"><img width=\"175\" height=\"113\" class=\"wp-image-279\" src=\"https:\/\/www.espacesophro.fr\/wp-content\/uploads\/2021\/10\/logoISH.jpg\" alt=\"\" srcset=\"https:\/\/www.espacesophro.fr\/wp-content\/uploads\/2021\/10\/logoISH.jpg 175w, https:\/\/www.espacesophro.fr\/wp-content\/uploads\/2021\/10\/logoISH-93x60.jpg 93w\" sizes=\"(max-width: 175px) 100vw, 175px\" \/><\/figure>\n<\/div>\n<!-- \/wp:image --><\/div>\n<!-- \/wp:column --><\/div>\n<!-- \/wp:columns -->\n\n<!-- wp:columns -->\n<div class=\"wp-block-columns\"><!-- wp:column {\"width\":\"33.33%\"} -->\n<div class=\"wp-block-column\" style=\"flex-basis: 33.33%;\"><!-- wp:image {\"align\":\"center\",\"id\":280,\"sizeSlug\":\"full\",\"linkDestination\":\"none\"} -->\n<div class=\"wp-block-image\">\n<figure class=\"aligncenter size-full\"><img width=\"98\" height=\"98\" class=\"wp-image-280\" src=\"https:\/\/www.espacesophro.fr\/wp-content\/uploads\/2021\/10\/logo-print.png\" alt=\"\" srcset=\"https:\/\/www.espacesophro.fr\/wp-content\/uploads\/2021\/10\/logo-print.png 98w, https:\/\/www.espacesophro.fr\/wp-content\/uploads\/2021\/10\/logo-print-60x60.png 60w\" sizes=\"(max-width: 98px) 100vw, 98px\" \/><\/figure>\n<\/div>\n<!-- \/wp:image --><\/div>\n<!-- \/wp:column -->\n\n<!-- wp:column {\"width\":\"66.66%\"} -->\n<div class=\"wp-block-column\" style=\"flex-basis: 66.66%;\"><!-- wp:paragraph -->\n<p>Notre association \u00ab\u00a0Espace Sophrologie\u00a0\u00bb est <strong>adh\u00e9rente \u00e0 la Chambre Syndicale de la Sophrologie<\/strong>, organisme ind\u00e9pendant et interlocuteur reconnu et \u00e9cout\u00e9 par les pouvoirs publics, par les acteurs de la sant\u00e9, de l\u2019\u00e9ducation et par les entreprises.<\/p>\n<!-- \/wp:paragraph --><\/div>\n<!-- \/wp:column --><\/div>\n<!-- \/wp:columns -->\n\n<!-- wp:paragraph {\"fontSize\":\"medium\"} -->\n<p class=\"has-medium-font-size\"><strong><u>Le lieu\u2026<\/u><\/strong><\/p>\n<!-- \/wp:paragraph -->\n\n<!-- wp:paragraph -->\n<p>&nbsp;<\/p>\n<!-- \/wp:paragraph -->\n\n<!-- wp:paragraph -->\n<p>Nos activit\u00e9s sont bas\u00e9es au <strong>300 rue des Trois Pierres, B\u00e2t. 3 \u00e0 Tourcoing<\/strong>. Dans le cadre de la pratique de m\u00e9c\u00e9nat, l\u2019entreprise Kherys nous met une partie de ses locaux \u00e0 disposition. Nous les remercions pour leur engagement \u00e0 nos c\u00f4t\u00e9s dans ce projet solidaire.<\/p>\n<!-- \/wp:paragraph -->\n\n<!-- wp:paragraph -->\n<p>Nous vous accueillons dans un <strong>espace agr\u00e9ablement am\u00e9nag\u00e9<\/strong> pour la pratique en individuel ou en groupe.<\/p>\n<!-- \/wp:paragraph -->\n\n<!-- wp:columns -->\n<div class=\"wp-block-columns\"><!-- wp:column -->\n<div class=\"wp-block-column\"><!-- wp:image {\"id\":281,\"width\":236,\"height\":184,\"sizeSlug\":\"full\",\"linkDestination\":\"none\"} -->\n<figure class=\"wp-block-image size-full is-resized\"><img class=\"wp-image-281\" src=\"https:\/\/www.espacesophro.fr\/wp-content\/uploads\/2021\/10\/ext.png\" alt=\"\" width=\"236\" height=\"184\" srcset=\"https:\/\/www.espacesophro.fr\/wp-content\/uploads\/2021\/10\/ext.png 472w, https:\/\/www.espacesophro.fr\/wp-content\/uploads\/2021\/10\/ext-300x234.png 300w, https:\/\/www.espacesophro.fr\/wp-content\/uploads\/2021\/10\/ext-77x60.png 77w\" sizes=\"(max-width: 236px) 100vw, 236px\" \/><\/figure>\n<!-- \/wp:image --><\/div>\n<!-- \/wp:column -->\n\n<!-- wp:column -->\n<div class=\"wp-block-column\"><!-- wp:image {\"id\":282,\"width\":218,\"height\":171,\"sizeSlug\":\"full\",\"linkDestination\":\"none\"} -->\n<figure class=\"wp-block-image size-full is-resized\"><img class=\"wp-image-282\" src=\"https:\/\/www.espacesophro.fr\/wp-content\/uploads\/2021\/10\/bureau.png\" alt=\"\" width=\"218\" height=\"171\" srcset=\"https:\/\/www.espacesophro.fr\/wp-content\/uploads\/2021\/10\/bureau.png 435w, https:\/\/www.espacesophro.fr\/wp-content\/uploads\/2021\/10\/bureau-300x235.png 300w, https:\/\/www.espacesophro.fr\/wp-content\/uploads\/2021\/10\/bureau-77x60.png 77w\" sizes=\"(max-width: 218px) 100vw, 218px\" \/><\/figure>\n<!-- \/wp:image --><\/div>\n<!-- \/wp:column -->\n\n<!-- wp:column -->\n<div class=\"wp-block-column\"><!-- wp:image {\"id\":283,\"width\":238,\"height\":190,\"sizeSlug\":\"full\",\"linkDestination\":\"none\"} -->\n<figure class=\"wp-block-image size-full is-resized\"><img class=\"wp-image-283\" src=\"https:\/\/www.espacesophro.fr\/wp-content\/uploads\/2021\/10\/groupe.png\" alt=\"\" width=\"238\" height=\"190\" srcset=\"https:\/\/www.espacesophro.fr\/wp-content\/uploads\/2021\/10\/groupe.png 476w, https:\/\/www.espacesophro.fr\/wp-content\/uploads\/2021\/10\/groupe-300x239.png 300w, https:\/\/www.espacesophro.fr\/wp-content\/uploads\/2021\/10\/groupe-75x60.png 75w\" sizes=\"(max-width: 238px) 100vw, 238px\" \/><\/figure>\n<!-- \/wp:image --><\/div>\n<!-- \/wp:column --><\/div>\n<!-- \/wp:columns -->\n\n<!-- wp:paragraph -->\n<p>Nous nous d\u00e9pla\u00e7ons pour les <strong>accompagnements \u00e0 domicile et dans les structures<\/strong> publiques, priv\u00e9es, associatives, etc.<\/p>\n<!-- \/wp:paragraph -->\t\t\t\t\t<\/div>\n\t\t\t\t\t\t<\/div>\n\t\t\t\t<\/div>\n\t\t\t\t\t\t<\/div>\n\t\t\t\t\t<\/div>\n\t\t<\/div>\n\t\t\t\t\t\t\t\t<\/div>\n\t\t\t\t\t<\/div>\n\t\t<\/section>\n\t\t\t\t\t\t<\/div>\n\t\t\t\t\t\t<\/div>\n\t\t\t\t\t<\/div>\n\t\t","protected":false},"excerpt":{"rendered":"<p>Extrait d&rsquo;article<\/p>\n","protected":false},"author":1,"featured_media":493,"parent":0,"menu_order":0,"comment_status":"closed","ping_status":"closed","template":"","meta":[],"yoast_head":"<!-- This site is optimized with the Yoast SEO plugin v17.0 - https:\/\/yoast.com\/wordpress\/plugins\/seo\/ -->\n<title>Qui sommes-nous ? - Espace Sophrologie<\/title>\n<meta name=\"robots\" content=\"index, follow, max-snippet:-1, max-image-preview:large, max-video-preview:-1\" \/>\n<link rel=\"canonical\" href=\"https:\/\/www.espacesophro.fr\/index.php\/qui-sommes-nous\/\" \/>\n<meta property=\"og:locale\" content=\"fr_FR\" \/>\n<meta property=\"og:type\" content=\"article\" \/>\n<meta property=\"og:title\" content=\"Qui sommes-nous ? - Espace Sophrologie\" \/>\n<meta property=\"og:description\" content=\"Extrait d&#039;article\" \/>\n<meta property=\"og:url\" content=\"https:\/\/www.espacesophro.fr\/index.php\/qui-sommes-nous\/\" \/>\n<meta property=\"og:site_name\" content=\"Espace Sophrologie\" \/>\n<meta property=\"article:modified_time\" content=\"2021-10-16T14:43:05+00:00\" \/>\n<meta property=\"og:image\" content=\"https:\/\/www.espacesophro.fr\/wp-content\/uploads\/2021\/10\/Image29.jpg\" \/>\n\t<meta property=\"og:image:width\" content=\"605\" \/>\n\t<meta property=\"og:image:height\" content=\"290\" \/>\n<meta name=\"twitter:card\" content=\"summary_large_image\" \/>\n<meta name=\"twitter:label1\" content=\"Dur\u00e9e de lecture est.\" \/>\n\t<meta name=\"twitter:data1\" content=\"4 minutes\" \/>\n<script type=\"application\/ld+json\" class=\"yoast-schema-graph\">{\"@context\":\"https:\/\/schema.org\",\"@graph\":[{\"@type\":\"WebSite\",\"@id\":\"https:\/\/www.espacesophro.fr\/#website\",\"url\":\"https:\/\/www.espacesophro.fr\/\",\"name\":\"Espace Sophrologie\",\"description\":\"Association solidaire de pratiques et d&#039;ateliers de sophrologie\",\"potentialAction\":[{\"@type\":\"SearchAction\",\"target\":{\"@type\":\"EntryPoint\",\"urlTemplate\":\"https:\/\/www.espacesophro.fr\/?s={search_term_string}\"},\"query-input\":\"required name=search_term_string\"}],\"inLanguage\":\"fr-FR\"},{\"@type\":\"ImageObject\",\"@id\":\"https:\/\/www.espacesophro.fr\/index.php\/qui-sommes-nous\/#primaryimage\",\"inLanguage\":\"fr-FR\",\"url\":\"https:\/\/www.espacesophro.fr\/wp-content\/uploads\/2021\/10\/Image29.jpg\",\"contentUrl\":\"https:\/\/www.espacesophro.fr\/wp-content\/uploads\/2021\/10\/Image29.jpg\",\"width\":605,\"height\":290},{\"@type\":\"WebPage\",\"@id\":\"https:\/\/www.espacesophro.fr\/index.php\/qui-sommes-nous\/#webpage\",\"url\":\"https:\/\/www.espacesophro.fr\/index.php\/qui-sommes-nous\/\",\"name\":\"Qui sommes-nous ? - Espace Sophrologie\",\"isPartOf\":{\"@id\":\"https:\/\/www.espacesophro.fr\/#website\"},\"primaryImageOfPage\":{\"@id\":\"https:\/\/www.espacesophro.fr\/index.php\/qui-sommes-nous\/#primaryimage\"},\"datePublished\":\"2020-09-29T08:46:43+00:00\",\"dateModified\":\"2021-10-16T14:43:05+00:00\",\"breadcrumb\":{\"@id\":\"https:\/\/www.espacesophro.fr\/index.php\/qui-sommes-nous\/#breadcrumb\"},\"inLanguage\":\"fr-FR\",\"potentialAction\":[{\"@type\":\"ReadAction\",\"target\":[\"https:\/\/www.espacesophro.fr\/index.php\/qui-sommes-nous\/\"]}]},{\"@type\":\"BreadcrumbList\",\"@id\":\"https:\/\/www.espacesophro.fr\/index.php\/qui-sommes-nous\/#breadcrumb\",\"itemListElement\":[{\"@type\":\"ListItem\",\"position\":1,\"name\":\"Accueil\",\"item\":\"https:\/\/www.espacesophro.fr\/\"},{\"@type\":\"ListItem\",\"position\":2,\"name\":\"Qui sommes-nous ?\"}]}]}<\/script>\n<!-- \/ Yoast SEO plugin. -->","yoast_head_json":{"title":"Qui sommes-nous ? - Espace Sophrologie","robots":{"index":"index","follow":"follow","max-snippet":"max-snippet:-1","max-image-preview":"max-image-preview:large","max-video-preview":"max-video-preview:-1"},"canonical":"https:\/\/www.espacesophro.fr\/index.php\/qui-sommes-nous\/","og_locale":"fr_FR","og_type":"article","og_title":"Qui sommes-nous ? - Espace Sophrologie","og_description":"Extrait d'article","og_url":"https:\/\/www.espacesophro.fr\/index.php\/qui-sommes-nous\/","og_site_name":"Espace Sophrologie","article_modified_time":"2021-10-16T14:43:05+00:00","og_image":[{"width":605,"height":290,"url":"https:\/\/www.espacesophro.fr\/wp-content\/uploads\/2021\/10\/Image29.jpg","path":"\/home\/kheryscohf\/espacesophro\/wp-content\/uploads\/2021\/10\/Image29.jpg","size":"full","id":493,"alt":"","pixels":175450,"type":"image\/jpeg"}],"twitter_card":"summary_large_image","twitter_misc":{"Dur\u00e9e de lecture est.":"4 minutes"},"schema":{"@context":"https:\/\/schema.org","@graph":[{"@type":"WebSite","@id":"https:\/\/www.espacesophro.fr\/#website","url":"https:\/\/www.espacesophro.fr\/","name":"Espace Sophrologie","description":"Association solidaire de pratiques et d&#039;ateliers de sophrologie","potentialAction":[{"@type":"SearchAction","target":{"@type":"EntryPoint","urlTemplate":"https:\/\/www.espacesophro.fr\/?s={search_term_string}"},"query-input":"required name=search_term_string"}],"inLanguage":"fr-FR"},{"@type":"ImageObject","@id":"https:\/\/www.espacesophro.fr\/index.php\/qui-sommes-nous\/#primaryimage","inLanguage":"fr-FR","url":"https:\/\/www.espacesophro.fr\/wp-content\/uploads\/2021\/10\/Image29.jpg","contentUrl":"https:\/\/www.espacesophro.fr\/wp-content\/uploads\/2021\/10\/Image29.jpg","width":605,"height":290},{"@type":"WebPage","@id":"https:\/\/www.espacesophro.fr\/index.php\/qui-sommes-nous\/#webpage","url":"https:\/\/www.espacesophro.fr\/index.php\/qui-sommes-nous\/","name":"Qui sommes-nous ? - Espace Sophrologie","isPartOf":{"@id":"https:\/\/www.espacesophro.fr\/#website"},"primaryImageOfPage":{"@id":"https:\/\/www.espacesophro.fr\/index.php\/qui-sommes-nous\/#primaryimage"},"datePublished":"2020-09-29T08:46:43+00:00","dateModified":"2021-10-16T14:43:05+00:00","breadcrumb":{"@id":"https:\/\/www.espacesophro.fr\/index.php\/qui-sommes-nous\/#breadcrumb"},"inLanguage":"fr-FR","potentialAction":[{"@type":"ReadAction","target":["https:\/\/www.espacesophro.fr\/index.php\/qui-sommes-nous\/"]}]},{"@type":"BreadcrumbList","@id":"https:\/\/www.espacesophro.fr\/index.php\/qui-sommes-nous\/#breadcrumb","itemListElement":[{"@type":"ListItem","position":1,"name":"Accueil","item":"https:\/\/www.espacesophro.fr\/"},{"@type":"ListItem","position":2,"name":"Qui sommes-nous ?"}]}]}},"_links":{"self":[{"href":"https:\/\/www.espacesophro.fr\/index.php\/wp-json\/wp\/v2\/pages\/73"}],"collection":[{"href":"https:\/\/www.espacesophro.fr\/index.php\/wp-json\/wp\/v2\/pages"}],"about":[{"href":"https:\/\/www.espacesophro.fr\/index.php\/wp-json\/wp\/v2\/types\/page"}],"author":[{"embeddable":true,"href":"https:\/\/www.espacesophro.fr\/index.php\/wp-json\/wp\/v2\/users\/1"}],"replies":[{"embeddable":true,"href":"https:\/\/www.espacesophro.fr\/index.php\/wp-json\/wp\/v2\/comments?post=73"}],"version-history":[{"count":14,"href":"https:\/\/www.espacesophro.fr\/index.php\/wp-json\/wp\/v2\/pages\/73\/revisions"}],"predecessor-version":[{"id":487,"href":"https:\/\/www.espacesophro.fr\/index.php\/wp-json\/wp\/v2\/pages\/73\/revisions\/487"}],"wp:featuredmedia":[{"embeddable":true,"href":"https:\/\/www.espacesophro.fr\/index.php\/wp-json\/wp\/v2\/media\/493"}],"wp:attachment":[{"href":"https:\/\/www.espacesophro.fr\/index.php\/wp-json\/wp\/v2\/media?parent=73"}],"curies":[{"name":"wp","href":"https:\/\/api.w.org\/{rel}","templated":true}]}}